{"id":916,"date":"2025-02-03T09:43:42","date_gmt":"2025-02-03T09:43:42","guid":{"rendered":"https:\/\/itstheglobalduo.com\/?page_id=916"},"modified":"2025-06-12T16:01:56","modified_gmt":"2025-06-12T16:01:56","slug":"itsourenglishcourses-olo-test-vie","status":"publish","type":"page","link":"https:\/\/itstheglobalduo.com\/vi\/itsourenglishcourses-olo-test-vie\/","title":{"rendered":"English Courses OLO TEST &#8211; VIE"},"content":{"rendered":"<div data-elementor-type=\"wp-page\" data-elementor-id=\"916\" class=\"elementor elementor-916\" data-elementor-settings=\"{&quot;ha_cmc_init_switcher&quot;:&quot;no&quot;}\" data-elementor-post-type=\"page\">\n\t\t\t\t<div class=\"elementor-element elementor-element-7eec003 e-flex e-con-boxed e-con e-parent\" data-id=\"7eec003\" data-element_type=\"container\" data-settings=\"{&quot;_ha_eqh_enable&quot;:false}\">\n\t\t\t\t\t<div class=\"e-con-inner\">\n\t\t\t\t<div class=\"elementor-element elementor-element-765577d elementor-widget elementor-widget-image\" data-id=\"765577d\" data-element_type=\"widget\" data-widget_type=\"image.default\">\n\t\t\t\t<div class=\"elementor-widget-container\">\n\t\t\t\t\t\t\t\t\t\t\t\t\t\t\t<img fetchpriority=\"high\" decoding=\"async\" width=\"800\" height=\"400\" src=\"https:\/\/itstheglobalduo.com\/wp-content\/uploads\/2025\/06\/on-26-1024x512.png\" class=\"attachment-large size-large wp-image-1980\" alt=\"\" srcset=\"https:\/\/itstheglobalduo.com\/wp-content\/uploads\/2025\/06\/on-26-1024x512.png 1024w, https:\/\/itstheglobalduo.com\/wp-content\/uploads\/2025\/06\/on-26-300x150.png 300w, https:\/\/itstheglobalduo.com\/wp-content\/uploads\/2025\/06\/on-26-768x384.png 768w, https:\/\/itstheglobalduo.com\/wp-content\/uploads\/2025\/06\/on-26-18x9.png 18w, https:\/\/itstheglobalduo.com\/wp-content\/uploads\/2025\/06\/on-26-600x300.png 600w, https:\/\/itstheglobalduo.com\/wp-content\/uploads\/2025\/06\/on-26.png 1250w\" sizes=\"(max-width: 800px) 100vw, 800px\" \/>\t\t\t\t\t\t\t\t\t\t\t\t\t\t\t<\/div>\n\t\t\t\t<\/div>\n\t\t\t\t\t<\/div>\n\t\t\t\t<\/div>\n\t\t<div class=\"elementor-element elementor-element-8d00ba6 e-flex e-con-boxed e-con e-parent\" data-id=\"8d00ba6\" data-element_type=\"container\" data-settings=\"{&quot;_ha_eqh_enable&quot;:false}\">\n\t\t\t\t\t<div class=\"e-con-inner\">\n\t\t\t\t<div class=\"elementor-element elementor-element-1fd7129 elementor-button-align-center elementor-widget elementor-widget-form\" data-id=\"1fd7129\" data-element_type=\"widget\" data-settings=\"{&quot;step_next_label&quot;:&quot;Next&quot;,&quot;step_previous_label&quot;:&quot;Previous&quot;,&quot;button_width&quot;:&quot;100&quot;,&quot;step_type&quot;:&quot;number_text&quot;,&quot;step_icon_shape&quot;:&quot;circle&quot;}\" data-widget_type=\"form.default\">\n\t\t\t\t<div class=\"elementor-widget-container\">\n\t\t\t\t\t\t\t<form class=\"elementor-form\" method=\"post\" name=\"LEVEL TEST\" aria-label=\"LEVEL TEST\" action=\"\">\n\t\t\t<input type=\"hidden\" name=\"post_id\" value=\"916\"\/>\n\t\t\t<input type=\"hidden\" name=\"form_id\" value=\"1fd7129\"\/>\n\t\t\t<input type=\"hidden\" name=\"referer_title\" value=\"English Courses OLO TEST &#8211; VIE\" \/>\n\n\t\t\t\t\t\t\t<input type=\"hidden\" name=\"queried_id\" value=\"916\"\/>\n\t\t\t\n\t\t\t<div class=\"elementor-form-fields-wrapper elementor-labels-above\">\n\t\t\t\t\t\t\t\t<div class=\"elementor-field-type-text elementor-field-group elementor-column elementor-field-group-field_70b8058 elementor-col-100 elementor-field-required elementor-mark-required\">\n\t\t\t\t\t\t\t\t\t\t\t\t<label for=\"form-field-field_70b8058\" class=\"elementor-field-label\">\n\t\t\t\t\t\t\t\t1. What's your name? \t\t\t\t\t\t\t<\/label>\n\t\t\t\t\t\t\t\t\t\t\t\t\t\t<input size=\"1\" type=\"text\" name=\"form_fields[field_70b8058]\" id=\"form-field-field_70b8058\" class=\"elementor-field elementor-size-lg  elementor-field-textual\" placeholder=\"Tr\u1ea3 l\u1eddi \u0111\u1ea7y \u0111\u1ee7 c\u1ea3 c\u00e2u theo c\u00e2u h\u1ecfi, kh\u00f4ng tr\u1ea3 l\u1eddi t\u1eaft.\" required=\"required\">\n\t\t\t\t\t\t\t\t\t\t\t<\/div>\n\t\t\t\t\t\t\t\t<div class=\"elementor-field-type-text elementor-field-group elementor-column elementor-field-group-field_77fe935 elementor-col-100 elementor-field-required elementor-mark-required\">\n\t\t\t\t\t\t\t\t\t\t\t\t<label for=\"form-field-field_77fe935\" class=\"elementor-field-label\">\n\t\t\t\t\t\t\t\t2. How old are you? \t\t\t\t\t\t\t<\/label>\n\t\t\t\t\t\t\t\t\t\t\t\t\t\t<input size=\"1\" type=\"text\" name=\"form_fields[field_77fe935]\" id=\"form-field-field_77fe935\" class=\"elementor-field elementor-size-lg  elementor-field-textual\" placeholder=\"Tr\u1ea3 l\u1eddi \u0111\u1ea7y \u0111\u1ee7 c\u1ea3 c\u00e2u theo c\u00e2u h\u1ecfi, kh\u00f4ng tr\u1ea3 l\u1eddi t\u1eaft.\" required=\"required\">\n\t\t\t\t\t\t\t\t\t\t\t<\/div>\n\t\t\t\t\t\t\t\t<div class=\"elementor-field-type-text elementor-field-group elementor-column elementor-field-group-field_947fcb2 elementor-col-100 elementor-field-required elementor-mark-required\">\n\t\t\t\t\t\t\t\t\t\t\t\t<label for=\"form-field-field_947fcb2\" class=\"elementor-field-label\">\n\t\t\t\t\t\t\t\t4. What's your address? \t\t\t\t\t\t\t<\/label>\n\t\t\t\t\t\t\t\t\t\t\t\t\t\t<input size=\"1\" type=\"text\" name=\"form_fields[field_947fcb2]\" id=\"form-field-field_947fcb2\" class=\"elementor-field elementor-size-lg  elementor-field-textual\" placeholder=\"Tr\u1ea3 l\u1eddi \u0111\u1ea7y \u0111\u1ee7 c\u1ea3 c\u00e2u theo c\u00e2u h\u1ecfi, kh\u00f4ng tr\u1ea3 l\u1eddi t\u1eaft.\" required=\"required\">\n\t\t\t\t\t\t\t\t\t\t\t<\/div>\n\t\t\t\t\t\t\t\t<div class=\"elementor-field-type-text elementor-field-group elementor-column elementor-field-group-field_e528b60 elementor-col-100 elementor-field-required elementor-mark-required\">\n\t\t\t\t\t\t\t\t\t\t\t\t<label for=\"form-field-field_e528b60\" class=\"elementor-field-label\">\n\t\t\t\t\t\t\t\t5. Where do you live? \t\t\t\t\t\t\t<\/label>\n\t\t\t\t\t\t\t\t\t\t\t\t\t\t<input size=\"1\" type=\"text\" name=\"form_fields[field_e528b60]\" id=\"form-field-field_e528b60\" class=\"elementor-field elementor-size-lg  elementor-field-textual\" placeholder=\"Tr\u1ea3 l\u1eddi \u0111\u1ea7y \u0111\u1ee7 c\u1ea3 c\u00e2u theo c\u00e2u h\u1ecfi, kh\u00f4ng tr\u1ea3 l\u1eddi t\u1eaft.\" required=\"required\">\n\t\t\t\t\t\t\t\t\t\t\t<\/div>\n\t\t\t\t\t\t\t\t<div class=\"elementor-field-type-text elementor-field-group elementor-column elementor-field-group-field_19017cd elementor-col-100 elementor-field-required elementor-mark-required\">\n\t\t\t\t\t\t\t\t\t\t\t\t<label for=\"form-field-field_19017cd\" class=\"elementor-field-label\">\n\t\t\t\t\t\t\t\t6. What movies do you like? \t\t\t\t\t\t\t<\/label>\n\t\t\t\t\t\t\t\t\t\t\t\t\t\t<input size=\"1\" type=\"text\" name=\"form_fields[field_19017cd]\" id=\"form-field-field_19017cd\" class=\"elementor-field elementor-size-lg  elementor-field-textual\" placeholder=\"Tr\u1ea3 l\u1eddi \u0111\u1ea7y \u0111\u1ee7 c\u1ea3 c\u00e2u theo c\u00e2u h\u1ecfi, kh\u00f4ng tr\u1ea3 l\u1eddi t\u1eaft.\" required=\"required\">\n\t\t\t\t\t\t\t\t\t\t\t<\/div>\n\t\t\t\t\t\t\t\t<div class=\"elementor-field-type-text elementor-field-group elementor-column elementor-field-group-field_c1950e7 elementor-col-100 elementor-field-required elementor-mark-required\">\n\t\t\t\t\t\t\t\t\t\t\t\t<label for=\"form-field-field_c1950e7\" class=\"elementor-field-label\">\n\t\t\t\t\t\t\t\t7. What music do you like? \t\t\t\t\t\t\t<\/label>\n\t\t\t\t\t\t\t\t\t\t\t\t\t\t<input size=\"1\" type=\"text\" name=\"form_fields[field_c1950e7]\" id=\"form-field-field_c1950e7\" class=\"elementor-field elementor-size-lg  elementor-field-textual\" placeholder=\"Tr\u1ea3 l\u1eddi \u0111\u1ea7y \u0111\u1ee7 c\u1ea3 c\u00e2u theo c\u00e2u h\u1ecfi, kh\u00f4ng tr\u1ea3 l\u1eddi t\u1eaft.\" required=\"required\">\n\t\t\t\t\t\t\t\t\t\t\t<\/div>\n\t\t\t\t\t\t\t\t<div class=\"elementor-field-type-text elementor-field-group elementor-column elementor-field-group-field_8ea508a elementor-col-100 elementor-field-required elementor-mark-required\">\n\t\t\t\t\t\t\t\t\t\t\t\t<label for=\"form-field-field_8ea508a\" class=\"elementor-field-label\">\n\t\t\t\t\t\t\t\t9. Do you like h\u1ee7 ti\u1ebfu? \t\t\t\t\t\t\t<\/label>\n\t\t\t\t\t\t\t\t\t\t\t\t\t\t<input size=\"1\" type=\"text\" name=\"form_fields[field_8ea508a]\" id=\"form-field-field_8ea508a\" class=\"elementor-field elementor-size-lg  elementor-field-textual\" placeholder=\"Tr\u1ea3 l\u1eddi \u0111\u1ea7y \u0111\u1ee7 c\u1ea3 c\u00e2u theo c\u00e2u h\u1ecfi, kh\u00f4ng tr\u1ea3 l\u1eddi t\u1eaft.\" required=\"required\">\n\t\t\t\t\t\t\t\t\t\t\t<\/div>\n\t\t\t\t\t\t\t\t<div class=\"elementor-field-type-text elementor-field-group elementor-column elementor-field-group-field_8312779 elementor-col-100 elementor-field-required elementor-mark-required\">\n\t\t\t\t\t\t\t\t\t\t\t\t<label for=\"form-field-field_8312779\" class=\"elementor-field-label\">\n\t\t\t\t\t\t\t\t10. What's your job?\t\t\t\t\t\t\t<\/label>\n\t\t\t\t\t\t\t\t\t\t\t\t\t\t<input size=\"1\" type=\"text\" name=\"form_fields[field_8312779]\" id=\"form-field-field_8312779\" class=\"elementor-field elementor-size-lg  elementor-field-textual\" placeholder=\"Tr\u1ea3 l\u1eddi \u0111\u1ea7y \u0111\u1ee7 c\u1ea3 c\u00e2u theo c\u00e2u h\u1ecfi, kh\u00f4ng tr\u1ea3 l\u1eddi t\u1eaft.\" required=\"required\">\n\t\t\t\t\t\t\t\t\t\t\t<\/div>\n\t\t\t\t\t\t\t\t<div class=\"elementor-field-type-text elementor-field-group elementor-column elementor-field-group-field_3cde846 elementor-col-100 elementor-field-required elementor-mark-required\">\n\t\t\t\t\t\t\t\t\t\t\t\t<label for=\"form-field-field_3cde846\" class=\"elementor-field-label\">\n\t\t\t\t\t\t\t\t11. What are your hobbies?\t\t\t\t\t\t\t<\/label>\n\t\t\t\t\t\t\t\t\t\t\t\t\t\t<input size=\"1\" type=\"text\" name=\"form_fields[field_3cde846]\" id=\"form-field-field_3cde846\" class=\"elementor-field elementor-size-lg  elementor-field-textual\" placeholder=\"Tr\u1ea3 l\u1eddi \u0111\u1ea7y \u0111\u1ee7 c\u1ea3 c\u00e2u theo c\u00e2u h\u1ecfi, kh\u00f4ng tr\u1ea3 l\u1eddi t\u1eaft.\" required=\"required\">\n\t\t\t\t\t\t\t\t\t\t\t<\/div>\n\t\t\t\t\t\t\t\t<div class=\"elementor-field-type-text elementor-field-group elementor-column elementor-field-group-field_2270933 elementor-col-100 elementor-field-required elementor-mark-required\">\n\t\t\t\t\t\t\t\t\t\t\t\t<label for=\"form-field-field_2270933\" class=\"elementor-field-label\">\n\t\t\t\t\t\t\t\t12. What do you do in your free time? \t\t\t\t\t\t\t<\/label>\n\t\t\t\t\t\t\t\t\t\t\t\t\t\t<input size=\"1\" type=\"text\" name=\"form_fields[field_2270933]\" id=\"form-field-field_2270933\" class=\"elementor-field elementor-size-lg  elementor-field-textual\" placeholder=\"Tr\u1ea3 l\u1eddi \u0111\u1ea7y \u0111\u1ee7 c\u1ea3 c\u00e2u theo c\u00e2u h\u1ecfi, kh\u00f4ng tr\u1ea3 l\u1eddi t\u1eaft.\" required=\"required\">\n\t\t\t\t\t\t\t\t\t\t\t<\/div>\n\t\t\t\t\t\t\t\t<div class=\"elementor-field-type-text elementor-field-group elementor-column elementor-field-group-field_abf1c96 elementor-col-100 elementor-field-required elementor-mark-required\">\n\t\t\t\t\t\t\t\t\t\t\t\t<label for=\"form-field-field_abf1c96\" class=\"elementor-field-label\">\n\t\t\t\t\t\t\t\tVI\u1ebeT\/GHI \u00c2M \u1ede \u0110\u00c2Y 1 \u0110O\u1ea0N V\u0102N B\u1eb0NG TI\u1ebeNG ANH V\u1ec0: 1. Nh\u1eefng th\u00f3i quen h\u00e0ng ng\u00e0y, s\u1edf th\u00edch c\u1ee7a b\u1ea1n. 2. B\u1ea1n \u0111\u00e3 l\u00e0m g\u00ec v\u00e0o T\u1ebft n\u0103m v\u1eeba r\u1ed3i?  3. B\u1ea1n s\u1ebd l\u00e0m g\u00ec trong T\u1ebft n\u0103m t\u1edbi?  4. B\u1ea1n \u0111\u00e3 l\u00e0m g\u00ec cu\u1ed1i tu\u1ea7n tr\u01b0\u1edbc?  5. B\u1ea1n \u0111\u00e3 l\u00e0m g\u00ec v\u00e0o ng\u00e0y sinh nh\u1eadt g\u1ea7n \u0111\u00e2y nh\u1ea5t c\u1ee7a m\u00ecnh?  6. B\u1ea1n s\u1ebd l\u00e0m g\u00ec v\u00e0o ng\u00e0y sinh nh\u1eadt s\u1eafp t\u1edbi c\u1ee7a b\u1ea1n? (N\u1ebeU CH\u1eccN GHI \u00c2M TH\u00cc \u0110I\u1ec0N \"0\" ho\u1eb7c \"kh\u00f4ng\" v\u00e0o \u00f4 b\u00ean d\u01b0\u1edbi r\u1ed3i upload file ghi \u00e2m l\u00ean)\t\t\t\t\t\t\t<\/label>\n\t\t\t\t\t\t\t\t\t\t\t\t\t\t<input size=\"1\" type=\"text\" name=\"form_fields[field_abf1c96]\" id=\"form-field-field_abf1c96\" class=\"elementor-field elementor-size-lg  elementor-field-textual\" placeholder=\"\u0110i\u1ec1n &quot;0&quot; ho\u1eb7c &quot;kh\u00f4ng&quot; n\u1ebfu ch\u1ecdn ghi \u00e2m thay v\u00ec vi\u1ebft.\" required=\"required\">\n\t\t\t\t\t\t\t\t\t\t\t<\/div>\n\t\t\t\t\t\t\t\t<div class=\"elementor-field-type-upload elementor-field-group elementor-column elementor-field-group-field_166ba73 elementor-col-100\">\n\t\t\t\t\t\t\t\t\t\t\t\t<label for=\"form-field-field_166ba73\" class=\"elementor-field-label\">\n\t\t\t\t\t\t\t\tAccepted file types: mp3, wav, m4a, aiff, mp4, mov. \t\t\t\t\t\t\t<\/label>\n\t\t\t\t\t\t\t\t<input type=\"file\" name=\"form_fields[field_166ba73][]\" id=\"form-field-field_166ba73\" class=\"elementor-field elementor-size-lg  elementor-upload-field\" multiple=\"multiple\">\n\n\t\t\t\t\t\t<\/div>\n\t\t\t\t\t\t\t\t<div class=\"elementor-field-type-text elementor-field-group elementor-column elementor-field-group-field_4bcb69d elementor-col-100 elementor-field-required elementor-mark-required\">\n\t\t\t\t\t\t\t\t\t\t\t\t<label for=\"form-field-field_4bcb69d\" class=\"elementor-field-label\">\n\t\t\t\t\t\t\t\tT\u00caN B\u1ea0N L\u00c0 G\u00cc?\t\t\t\t\t\t\t<\/label>\n\t\t\t\t\t\t\t\t\t\t\t\t\t\t<input size=\"1\" type=\"text\" name=\"form_fields[field_4bcb69d]\" id=\"form-field-field_4bcb69d\" class=\"elementor-field elementor-size-lg  elementor-field-textual\" placeholder=\"T\u00ean\" required=\"required\">\n\t\t\t\t\t\t\t\t\t\t\t<\/div>\n\t\t\t\t\t\t\t\t<div class=\"elementor-field-type-email elementor-field-group elementor-column elementor-field-group-field_2c12178 elementor-col-100 elementor-field-required elementor-mark-required\">\n\t\t\t\t\t\t\t\t\t\t\t\t<label for=\"form-field-field_2c12178\" class=\"elementor-field-label\">\n\t\t\t\t\t\t\t\tEMAIL C\u1ee6A B\u1ea0N L\u00c0 G\u00cc?\t\t\t\t\t\t\t<\/label>\n\t\t\t\t\t\t\t\t\t\t\t\t\t\t<input size=\"1\" type=\"email\" name=\"form_fields[field_2c12178]\" id=\"form-field-field_2c12178\" class=\"elementor-field elementor-size-lg  elementor-field-textual\" placeholder=\"Email\" required=\"required\">\n\t\t\t\t\t\t\t\t\t\t\t<\/div>\n\t\t\t\t\t\t\t\t<div class=\"elementor-field-type-text elementor-field-group elementor-column elementor-field-group-field_640a2bb elementor-col-100 elementor-field-required elementor-mark-required\">\n\t\t\t\t\t\t\t\t\t\t\t\t<label for=\"form-field-field_640a2bb\" class=\"elementor-field-label\">\n\t\t\t\t\t\t\t\tS\u1ed0 \u0110I\u1ec6N THO\u1ea0I C\u1ee6A B\u1ea0N L\u00c0 G\u00cc?\t\t\t\t\t\t\t<\/label>\n\t\t\t\t\t\t\t\t\t\t\t\t\t\t<input size=\"1\" type=\"text\" name=\"form_fields[field_640a2bb]\" id=\"form-field-field_640a2bb\" class=\"elementor-field elementor-size-lg  elementor-field-textual\" placeholder=\"S\u0110T\" required=\"required\">\n\t\t\t\t\t\t\t\t\t\t\t<\/div>\n\t\t\t\t\t\t\t\t<div class=\"elementor-field-group elementor-column elementor-field-type-submit elementor-col-100 e-form__buttons\">\n\t\t\t\t\t<button class=\"elementor-button elementor-size-lg elementor-animation-pop\" type=\"submit\">\n\t\t\t\t\t\t<span class=\"elementor-button-content-wrapper\">\n\t\t\t\t\t\t\t\t\t\t\t\t\t\t\t\t\t\t\t\t\t\t<span class=\"elementor-button-text\">N\u1ed8P B\u00c0I<\/span>\n\t\t\t\t\t\t\t\t\t\t\t\t\t<\/span>\n\t\t\t\t\t<\/button>\n\t\t\t\t<\/div>\n\t\t\t<\/div>\n\t\t<input type=\"hidden\" name=\"trp-form-language\" value=\"vi\"\/><\/form>\n\t\t\t\t\t\t<\/div>\n\t\t\t\t<\/div>\n\t\t\t\t\t<\/div>\n\t\t\t\t<\/div>\n\t\t\t\t<\/div>","protected":false},"excerpt":{"rendered":"","protected":false},"author":1,"featured_media":0,"parent":0,"menu_order":0,"comment_status":"closed","ping_status":"closed","template":"","meta":{"footnotes":""},"class_list":["post-916","page","type-page","status-publish","hentry"],"_links":{"self":[{"href":"https:\/\/itstheglobalduo.com\/vi\/wp-json\/wp\/v2\/pages\/916","targetHints":{"allow":["GET"]}}],"collection":[{"href":"https:\/\/itstheglobalduo.com\/vi\/wp-json\/wp\/v2\/pages"}],"about":[{"href":"https:\/\/itstheglobalduo.com\/vi\/wp-json\/wp\/v2\/types\/page"}],"author":[{"embeddable":true,"href":"https:\/\/itstheglobalduo.com\/vi\/wp-json\/wp\/v2\/users\/1"}],"replies":[{"embeddable":true,"href":"https:\/\/itstheglobalduo.com\/vi\/wp-json\/wp\/v2\/comments?post=916"}],"version-history":[{"count":50,"href":"https:\/\/itstheglobalduo.com\/vi\/wp-json\/wp\/v2\/pages\/916\/revisions"}],"predecessor-version":[{"id":1988,"href":"https:\/\/itstheglobalduo.com\/vi\/wp-json\/wp\/v2\/pages\/916\/revisions\/1988"}],"wp:attachment":[{"href":"https:\/\/itstheglobalduo.com\/vi\/wp-json\/wp\/v2\/media?parent=916"}],"curies":[{"name":"wp","href":"https:\/\/api.w.org\/{rel}","templated":true}]}}