{"id":2456,"date":"2025-06-16T19:41:24","date_gmt":"2025-06-16T19:41:24","guid":{"rendered":"https:\/\/itstheglobalduo.com\/?page_id=2456"},"modified":"2025-06-23T10:49:34","modified_gmt":"2025-06-23T10:49:34","slug":"itsourenglishcourses-amop-testresult5c-vie","status":"publish","type":"page","link":"https:\/\/itstheglobalduo.com\/vi\/itsourenglishcourses-amop-testresult5c-vie\/","title":{"rendered":"English Courses AMOP TEST RESULT 5C &#8211; VIE"},"content":{"rendered":"<div data-elementor-type=\"wp-page\" data-elementor-id=\"2456\" class=\"elementor elementor-2456\" data-elementor-settings=\"{&quot;ha_cmc_init_switcher&quot;:&quot;no&quot;}\" data-elementor-post-type=\"page\">\n\t\t\t\t<div class=\"elementor-element elementor-element-21e3d55 e-flex e-con-boxed e-con e-parent\" data-id=\"21e3d55\" data-element_type=\"container\" data-e-type=\"container\" data-settings=\"{&quot;_ha_eqh_enable&quot;:false}\">\n\t\t\t\t\t<div class=\"e-con-inner\">\n\t\t\t\t<div class=\"elementor-element elementor-element-aaa6588 elementor-widget elementor-widget-image\" data-id=\"aaa6588\" data-element_type=\"widget\" data-e-type=\"widget\" data-widget_type=\"image.default\">\n\t\t\t\t<div class=\"elementor-widget-container\">\n\t\t\t\t\t\t\t\t\t\t\t\t\t\t\t<img fetchpriority=\"high\" decoding=\"async\" width=\"768\" height=\"768\" src=\"https:\/\/itstheglobalduo.com\/wp-content\/uploads\/2025\/06\/Its-OUR-COURSES-21-768x768.png\" class=\"attachment-medium_large size-medium_large wp-image-2448\" alt=\"\" srcset=\"https:\/\/itstheglobalduo.com\/wp-content\/uploads\/2025\/06\/Its-OUR-COURSES-21-768x768.png 768w, https:\/\/itstheglobalduo.com\/wp-content\/uploads\/2025\/06\/Its-OUR-COURSES-21-300x300.png 300w, https:\/\/itstheglobalduo.com\/wp-content\/uploads\/2025\/06\/Its-OUR-COURSES-21-1024x1024.png 1024w, https:\/\/itstheglobalduo.com\/wp-content\/uploads\/2025\/06\/Its-OUR-COURSES-21-150x150.png 150w, https:\/\/itstheglobalduo.com\/wp-content\/uploads\/2025\/06\/Its-OUR-COURSES-21-1536x1536.png 1536w, https:\/\/itstheglobalduo.com\/wp-content\/uploads\/2025\/06\/Its-OUR-COURSES-21-2048x2048.png 2048w, https:\/\/itstheglobalduo.com\/wp-content\/uploads\/2025\/06\/Its-OUR-COURSES-21-12x12.png 12w, https:\/\/itstheglobalduo.com\/wp-content\/uploads\/2025\/06\/Its-OUR-COURSES-21-600x600.png 600w, https:\/\/itstheglobalduo.com\/wp-content\/uploads\/2025\/06\/Its-OUR-COURSES-21-100x100.png 100w\" sizes=\"(max-width: 768px) 100vw, 768px\" \/>\t\t\t\t\t\t\t\t\t\t\t\t\t\t\t<\/div>\n\t\t\t\t<\/div>\n\t\t\t\t\t<\/div>\n\t\t\t\t<\/div>\n\t\t<div class=\"elementor-element elementor-element-dca7e96 e-flex e-con-boxed e-con e-parent\" data-id=\"dca7e96\" data-element_type=\"container\" data-e-type=\"container\" data-settings=\"{&quot;_ha_eqh_enable&quot;:false}\">\n\t\t\t\t\t<div class=\"e-con-inner\">\n\t\t\t\t<div class=\"elementor-element elementor-element-062d428 elementor-widget elementor-widget-heading\" data-id=\"062d428\" data-element_type=\"widget\" data-e-type=\"widget\" data-widget_type=\"heading.default\">\n\t\t\t\t<div class=\"elementor-widget-container\">\n\t\t\t\t\t<h2 class=\"elementor-heading-title elementor-size-default\">\ud83d\udd25\ud83c\udf5a<span style=\"color: red\">5C - C\u01a0M \u0110I\u1ec6N (g\u1ea1o ST125)<\/span><br><br>\n\u0110\u00e2y r\u1ed3i!!! \u0110\u1ec9nh cao c\u1ee7a g\u1ea1o n\u1ed9i \u0111\u1ecba Vi\u1ec7t Nam, g\u1ea1o ST125: tr\u1eafng, th\u01a1m, d\u1ebbo, m\u1ec1m, n\u1ea5u ki\u1ec3u g\u00ec c\u0169ng ngon \ud83e\udd24 <br><br>V\u00e0 b\u1ea1n? B\u1ea1n ch\u00ednh l\u00e0 h\u1ea1t g\u1ea1o ST125 \u1ea5y. <br><br>Kh\u00f4ng c\u1ea7n vo k\u1ef9 nh\u01b0 g\u1ea1o l\u1ee9t, kh\u00f4ng c\u1ea7n canh qu\u00e1 k\u1ef9 nh\u01b0 g\u1ea1o t\u1ea5m. B\u1ea1n ch\u1ec9 c\u1ea7n \u0111\u00fang c\u00f4ng th\u1ee9c, \u0111\u00fang th\u1eddi gian, b\u1ea5m n\u00fat n\u1ed3i m\u1ed9t c\u00e1i l\u00e0 t\u1ef1 nhi\u00ean t\u1ecfa h\u01b0\u01a1ng \ud83d\ude0e<br><br>\n\nV\u1ec1 ti\u1ebfng Anh, b\u1ea1n \u0111\u00e3 \u0111\u1ea1t \u0111\u1ebfn m\u1ee9c:<br><br>\n\ud83c\udf1f Giao ti\u1ebfp l\u01b0u lo\u00e1t, t\u1ef1 nhi\u00ean<br><br>\n\ud83c\udf1f Tri\u1ec3n khai \u00fd t\u01b0\u1edfng m\u1ea1ch l\u1ea1c, r\u00f5 r\u00e0ng, c\u00f3 chi\u1ec1u s\u00e2u<br><br>\n\ud83c\udf1f L\u00e0m ch\u1ee7 ng\u1eef \u0111i\u1ec7u, ph\u00e1t \u00e2m v\u00e0 t\u1ed1c \u0111\u1ed9 n\u00f3i<br><br>\n\ud83c\udf1f T\u01b0 duy song ng\u1eef linh ho\u1ea1t<br><br>\n\nTuy nhi\u00ean, \u1edf level n\u00e0y, \u0111i\u1ec1u b\u1ea1n c\u1ea7n kh\u00f4ng ph\u1ea3i l\u00e0 h\u1ecdc t\u1eeb \u0111\u1ea7u n\u1eefa \u2013 m\u00e0 l\u00e0:<br><br>\n\ud83c\udfaf M\u00e0i gi\u0169a k\u1ef9 n\u0103ng \u0111\u1ec3 s\u1eafc b\u00e9n h\u01a1n<br><br>\n\ud83c\udfaf R\u00e8n luy\u1ec7n ph\u1ea3n x\u1ea1 cao c\u1ea5p v\u1edbi c\u00e1c ch\u1ee7 \u0111\u1ec1 ph\u1ee9c t\u1ea1p<br><br>\n\ud83c\udfaf Chu\u1ea9n h\u00f3a phong c\u00e1ch n\u00f3i \u0111\u1ec3 ph\u00f9 h\u1ee3p v\u1edbi m\u00f4i tr\u01b0\u1eddng h\u1ecdc thu\u1eadt ho\u1eb7c chuy\u00ean nghi\u1ec7p<br><br>\n\ud83c\udfaf Chu\u1ea9n b\u1ecb cho b\u00e0i thi n\u00f3i chuy\u00ean s\u00e2u cho c\u00e1c k\u1ef3 thi qu\u1ed1c t\u1ebf, ph\u1ecfng v\u1ea5n h\u1ecdc b\u1ed5ng, tr\u00ecnh b\u00e0y h\u1ed9i ngh\u1ecb, ho\u1eb7c v\u1eadn d\u1ee5ng trong c\u00f4ng vi\u1ec7c th\u1ef1c t\u1ebf...<br><br>\n\nB\u1ea1n \u0111\u00e3 c\u00f3 m\u1ecdi th\u1ee9: n\u1ed3i \u0111i\u1ec7n, g\u1ea1o th\u01b0\u1ee3ng h\u1ea1ng, c\u00f4ng th\u1ee9c n\u1ea5u \u0103n v\u00e0 th\u1eddi gian. Vi\u1ec7c c\u00f2n l\u1ea1i l\u00e0 ki\u00ean tr\u00ec luy\u1ec7n t\u1eadp v\u00e0 gi\u1eef v\u1eefng phong \u0111\u1ed9, \u0111\u1ec3 m\u1ed7i l\u1ea7n \u201cb\u1ea5m n\u00fat\u201d l\u00e0 m\u1ed9t l\u1ea7n to\u1ea3 s\u00e1ng \u2728\ud83c\udf7d\ufe0f<br><br>\n\nCh\u1ec9 m\u1ed9t ch\u00fat n\u1eefa th\u00f4i. B\u1ea1n \u0111\u00e3 gi\u1ecfi l\u1eafm r\u1ed3i! Ch\u1ec9 c\u1ea7n m\u1ed9t c\u00fa nh\u1ea5n n\u00fat n\u1eefa l\u00e0 b\u1ea1n \u0111\u00e3 c\u00f3 ngay m\u1ed9t n\u1ed3i c\u01a1m th\u01b0\u1ee3ng h\u1ea1ng nh\u01b0 \u0111\u01b0\u1ee3c n\u1ea5u nh\u00e0 h\u00e0ng 5* r\u1ed3i \u0111\u00f3! \n\nS\u1eb5n s\u00e0ng chinh ph\u1ee5c \u0111\u01b0\u1eddng l\u00ean \u0111\u1ec9nh Olympia, v\u01b0\u1ee3t qua t\u1ea5t c\u1ea3 c\u00e1c ch\u01b0\u1edbng ng\u1ea1i v\u1eadt \u0111\u1ec3 v\u1ec1 \u0111\u00edch ch\u01b0a? <br><br>N\u1eafp n\u1ed3i \u0111\u00e3 \u0111\u00f3ng, gi\u1edd l\u00e0 l\u00fac \u0111\u1ee3i ti\u1ebfng \u201ct\u00e1ch\u201d vang l\u00ean \u2013 v\u00e0 b\u1eefa c\u01a1m \u0111\u1ec9nh cao s\u1ebd ra l\u00f2 \ud83d\udd25\n\n<\/h2>\t\t\t\t<\/div>\n\t\t\t\t<\/div>\n\t\t\t\t\t<\/div>\n\t\t\t\t<\/div>\n\t\t<div class=\"elementor-element elementor-element-561d261 e-flex e-con-boxed e-con e-parent\" data-id=\"561d261\" data-element_type=\"container\" data-e-type=\"container\" data-settings=\"{&quot;_ha_eqh_enable&quot;:false}\">\n\t\t\t\t\t<div class=\"e-con-inner\">\n\t\t\t\t<div class=\"elementor-element elementor-element-b94d1e9 elementor-align-center elementor-widget elementor-widget-button\" data-id=\"b94d1e9\" data-element_type=\"widget\" data-e-type=\"widget\" data-widget_type=\"button.default\">\n\t\t\t\t<div class=\"elementor-widget-container\">\n\t\t\t\t\t\t\t\t\t<div class=\"elementor-button-wrapper\">\n\t\t\t\t\t<a class=\"elementor-button elementor-button-link elementor-size-sm elementor-animation-pulse-grow\" href=\"https:\/\/itstheglobalduo.com\/vi\/itsourenglishcourses-amop-comingsoon-vie\/\">\n\t\t\t\t\t\t<span class=\"elementor-button-content-wrapper\">\n\t\t\t\t\t\t\t\t\t<span class=\"elementor-button-text\">M\u00ccNH MU\u1ed0N \u0102N C\u01a0M!<\/span>\n\t\t\t\t\t<\/span>\n\t\t\t\t\t<\/a>\n\t\t\t\t<\/div>\n\t\t\t\t\t\t\t\t<\/div>\n\t\t\t\t<\/div>\n\t\t\t\t\t<\/div>\n\t\t\t\t<\/div>\n\t\t\t\t<\/div>","protected":false},"excerpt":{"rendered":"<p>\ud83d\udd25\ud83c\udf5a5C &#8211; C\u01a0M \u0110I\u1ec6N (g\u1ea1o ST125) \u0110\u00e2y r\u1ed3i!!! \u0110\u1ec9nh cao c\u1ee7a g\u1ea1o n\u1ed9i \u0111\u1ecba Vi\u1ec7t Nam, g\u1ea1o ST125: tr\u1eafng, th\u01a1m, d\u1ebbo, m\u1ec1m, n\u1ea5u ki\u1ec3u g\u00ec c\u0169ng ngon \ud83e\udd24 V\u00e0 b\u1ea1n? B\u1ea1n ch\u00ednh l\u00e0 h\u1ea1t g\u1ea1o ST125 \u1ea5y. Kh\u00f4ng c\u1ea7n vo k\u1ef9 nh\u01b0 g\u1ea1o l\u1ee9t, kh\u00f4ng c\u1ea7n canh qu\u00e1 k\u1ef9 nh\u01b0 g\u1ea1o t\u1ea5m. B\u1ea1n ch\u1ec9 c\u1ea7n [&hellip;]<\/p>","protected":false},"author":1,"featured_media":0,"parent":0,"menu_order":0,"comment_status":"closed","ping_status":"closed","template":"","meta":{"footnotes":""},"class_list":["post-2456","page","type-page","status-publish","hentry"],"_links":{"self":[{"href":"https:\/\/itstheglobalduo.com\/vi\/wp-json\/wp\/v2\/pages\/2456","targetHints":{"allow":["GET"]}}],"collection":[{"href":"https:\/\/itstheglobalduo.com\/vi\/wp-json\/wp\/v2\/pages"}],"about":[{"href":"https:\/\/itstheglobalduo.com\/vi\/wp-json\/wp\/v2\/types\/page"}],"author":[{"embeddable":true,"href":"https:\/\/itstheglobalduo.com\/vi\/wp-json\/wp\/v2\/users\/1"}],"replies":[{"embeddable":true,"href":"https:\/\/itstheglobalduo.com\/vi\/wp-json\/wp\/v2\/comments?post=2456"}],"version-history":[{"count":13,"href":"https:\/\/itstheglobalduo.com\/vi\/wp-json\/wp\/v2\/pages\/2456\/revisions"}],"predecessor-version":[{"id":2826,"href":"https:\/\/itstheglobalduo.com\/vi\/wp-json\/wp\/v2\/pages\/2456\/revisions\/2826"}],"wp:attachment":[{"href":"https:\/\/itstheglobalduo.com\/vi\/wp-json\/wp\/v2\/media?parent=2456"}],"curies":[{"name":"wp","href":"https:\/\/api.w.org\/{rel}","templated":true}]}}