{"id":2437,"date":"2025-06-16T19:35:27","date_gmt":"2025-06-16T19:35:27","guid":{"rendered":"https:\/\/itstheglobalduo.com\/?page_id=2437"},"modified":"2025-06-23T10:49:06","modified_gmt":"2025-06-23T10:49:06","slug":"itsourenglishcourses-amop-testresult4c-vie","status":"publish","type":"page","link":"https:\/\/itstheglobalduo.com\/vi\/itsourenglishcourses-amop-testresult4c-vie\/","title":{"rendered":"English Courses AMOP TEST RESULT 4C &#8211; VIE"},"content":{"rendered":"<div data-elementor-type=\"wp-page\" data-elementor-id=\"2437\" class=\"elementor elementor-2437\" data-elementor-settings=\"{&quot;ha_cmc_init_switcher&quot;:&quot;no&quot;}\" data-elementor-post-type=\"page\">\n\t\t\t\t<div class=\"elementor-element elementor-element-21e3d55 e-flex e-con-boxed e-con e-parent\" data-id=\"21e3d55\" data-element_type=\"container\" data-e-type=\"container\" data-settings=\"{&quot;_ha_eqh_enable&quot;:false}\">\n\t\t\t\t\t<div class=\"e-con-inner\">\n\t\t\t\t<div class=\"elementor-element elementor-element-aaa6588 elementor-widget elementor-widget-image\" data-id=\"aaa6588\" data-element_type=\"widget\" data-e-type=\"widget\" data-widget_type=\"image.default\">\n\t\t\t\t<div class=\"elementor-widget-container\">\n\t\t\t\t\t\t\t\t\t\t\t\t\t\t\t<img fetchpriority=\"high\" decoding=\"async\" width=\"768\" height=\"768\" src=\"https:\/\/itstheglobalduo.com\/wp-content\/uploads\/2025\/06\/Its-OUR-COURSES-19-768x768.png\" class=\"attachment-medium_large size-medium_large wp-image-2620\" alt=\"\" srcset=\"https:\/\/itstheglobalduo.com\/wp-content\/uploads\/2025\/06\/Its-OUR-COURSES-19-768x768.png 768w, https:\/\/itstheglobalduo.com\/wp-content\/uploads\/2025\/06\/Its-OUR-COURSES-19-300x300.png 300w, https:\/\/itstheglobalduo.com\/wp-content\/uploads\/2025\/06\/Its-OUR-COURSES-19-1024x1024.png 1024w, https:\/\/itstheglobalduo.com\/wp-content\/uploads\/2025\/06\/Its-OUR-COURSES-19-150x150.png 150w, https:\/\/itstheglobalduo.com\/wp-content\/uploads\/2025\/06\/Its-OUR-COURSES-19-1536x1536.png 1536w, https:\/\/itstheglobalduo.com\/wp-content\/uploads\/2025\/06\/Its-OUR-COURSES-19-2048x2048.png 2048w, https:\/\/itstheglobalduo.com\/wp-content\/uploads\/2025\/06\/Its-OUR-COURSES-19-12x12.png 12w, https:\/\/itstheglobalduo.com\/wp-content\/uploads\/2025\/06\/Its-OUR-COURSES-19-600x600.png 600w, https:\/\/itstheglobalduo.com\/wp-content\/uploads\/2025\/06\/Its-OUR-COURSES-19-100x100.png 100w\" sizes=\"(max-width: 768px) 100vw, 768px\" \/>\t\t\t\t\t\t\t\t\t\t\t\t\t\t\t<\/div>\n\t\t\t\t<\/div>\n\t\t\t\t\t<\/div>\n\t\t\t\t<\/div>\n\t\t<div class=\"elementor-element elementor-element-dca7e96 e-flex e-con-boxed e-con e-parent\" data-id=\"dca7e96\" data-element_type=\"container\" data-e-type=\"container\" data-settings=\"{&quot;_ha_eqh_enable&quot;:false}\">\n\t\t\t\t\t<div class=\"e-con-inner\">\n\t\t\t\t<div class=\"elementor-element elementor-element-062d428 elementor-widget elementor-widget-heading\" data-id=\"062d428\" data-element_type=\"widget\" data-e-type=\"widget\" data-widget_type=\"heading.default\">\n\t\t\t\t<div class=\"elementor-widget-container\">\n\t\t\t\t\t<h2 class=\"elementor-heading-title elementor-size-default\">\ud83d\udd25\ud83c\udf5a<span style=\"color: red\">4C - C\u01a0M GA (c\u00f3 b\u1ebfp, c\u00f3 ga)<\/span><br><br>B\u1ea1n l\u00e0 g\u1ea1o ST125 - lo\u1ea1i g\u1ea1o c\u1ef1c k\u1ef3 th\u01b0\u1ee3ng h\u1ea1ng, ngon chu\u1ea9n ch\u1ec9nh, \u0111\u00e3 \u0111\u01b0\u1ee3c vo s\u1ea1ch, ng\u00e2m k\u1ef9, n\u1eb1m ngay ng\u1eafn trong n\u1ed3i, s\u1eb5n s\u00e0ng \u0111\u1ec3... b\u1eadt b\u1ebfp n\u1ea5u m\u1ed9t b\u1eefa c\u01a1m ra tr\u00f2 \ud83c\udf5a<br><br>\u2728\u1ede tr\u00ecnh \u0111\u1ed9 n\u00e0y, b\u1ea1n \u0111\u00e3 kh\u00e1 gi\u1ecfi r\u1ed3i. Tr\u00ecnh \u0111\u1ed9 ti\u1ebfng Anh c\u1ee7a b\u1ea1n \u0111\u00e3 kh\u00e1 \"kinh r\u1ed3i\", n\u00ean c\u00f4ng cu\u1ed9c n\u1ea5u c\u01a1m c\u1ee7a b\u1ea1n s\u1ebd kh\u00f4ng c\u00f2n g\u1eb7p m\u1ea5y tr\u1eafc tr\u1edf n\u1eefa. B\u1ea1n \u0111ang \u0111\u1ee9ng trong m\u1ed9t c\u0103n b\u1ebfp x\u1ecbn x\u00f2, v\u1edbi m\u1ed9t chi\u1ebfc b\u1ebfp ga b\u00f3ng lo\u00e1ng v\u00e0 m\u1ed9t b\u00ecnh ga m\u1edbi \u0111\u01b0\u1ee3c n\u1ea1p \u0111\u1ea7y. Ch\u1ec9 v\u1edbi m\u1ed9t c\u00fa v\u1eb7n l\u00e0 b\u1ea1n s\u1ebd c\u00f3 th\u1ec3 c\u00f3 \u0111\u01b0\u1ee3c m\u1ed9t n\u1ed3i c\u01a1m ngon l\u00e0nh. \ud83d\udd25\ud83d\udc69\u200d\ud83c\udf73<br><br>\nKh\u00f4ng ph\u1ea3i \u0111i nh\u1eb7t r\u01a1m, kh\u00f4ng c\u1ea7n v\u00e1c c\u1ee7i, c\u00e0ng kh\u00f4ng ph\u1ea3i l\u1ecd m\u1ecd nh\u00f3m than. M\u1ecdi th\u1ee9 \u0111\u1ec1u trong t\u1ea7m tay r\u1ed3i. <br><br>\n\nNh\u01b0ng mu\u1ed1n c\u01a1m ngon th\u00ec ph\u1ea3i bi\u1ebft N\u1ea4U. <br><br>\n\nKh\u00f4ng ph\u1ea3i c\u1ee9 nghi\u1ec5m nhi\u00ean c\u00f3 b\u1ebfp, c\u00f3 g\u1ea1o l\u00e0 ai c\u0169ng c\u00f3 th\u1ec3 n\u1ea5u \u0111\u01b0\u1ee3c m\u1ed9t n\u1ed3i c\u01a1m ngon chu\u1ea9n ch\u1ec9nh. T\u1ea5t c\u1ea3 m\u1ecdi th\u1ee9 \u0111\u1ec1u l\u00e0 k\u1ebft qu\u1ea3 c\u1ee7a c\u1ea3 m\u1ed9t qu\u00e1 tr\u00ecnh luy\u1ec7n t\u1eadp, h\u1ecdc h\u1ecfi.<br><br>\n\u0110\u00e2y ch\u00ednh l\u00e0 tr\u00ecnh \u0111\u1ed9 ti\u1ebfng Anh c\u1ee7a b\u1ea1n hi\u1ec7n gi\u1edd: \u0111\u1ee7 c\u00f4ng c\u1ee5, \u0111\u1ee7 n\u1ec1n t\u1ea3ng, \u0111\u1ee7 s\u1ef1 chu\u1ea9n b\u1ecb \u0111\u1ec3 t\u0103ng t\u1ed1c v\u00e0 th\u1ef1c s\u1ef1 t\u1ef1 h\u1ecdc - t\u1ef1 b\u1eadt - t\u1ef1 n\u1ea5u. B\u1ea1n kh\u00f4ng c\u00f2n l\u00e0 ng\u01b0\u1eddi h\u1ecdc loay hoay v\u1edbi b\u1ea3ng t\u1eeb v\u1ef1ng l\u1ebb t\u1ebb, c\u0169ng kh\u00f4ng c\u1ea7n ai c\u1ea7m tay ch\u1ec9 t\u1eebng c\u00e2u ng\u1eef ph\u00e1p n\u1eefa.<br><br> Nh\u01b0ng kh\u00f4ng c\u00f3 ngh\u0129a l\u00e0 b\u1ea1n kh\u00f4ng c\u1ea7n ti\u1ebfp t\u1ee5c luy\u1ec7n t\u1eadp. Ki\u1ebfn th\u1ee9c th\u00ec \u0111\u00e3 c\u00f3 s\u1eb5n, nh\u01b0ng kh\u00f4ng c\u00f3 ngh\u0129a l\u00e0 c\u1ee9 c\u00f3 ki\u1ebfn th\u1ee9c l\u00e0 ki\u1ec3u g\u00ec c\u0169ng n\u00f3i \u0111\u01b0\u1ee3c. B\u1ea1n v\u1eabn c\u1ea7n luy\u1ec7n t\u1eadp th\u00eam, luy\u1ec7n t\u1eadp sao cho m\u1ed7i c\u00e2u m\u00e0 b\u1ea1n n\u00f3i ra \u0111\u1ec1u c\u00f3 \u0111\u00fang ng\u1eef ph\u00e1p, ph\u00e1t \u00e2m chu\u1ea9n ch\u1ec9nh, \u00e2m \u0111i\u1ec7u l\u00ean xu\u1ed1ng \"h\u1ee3p tai\" ng\u01b0\u1eddi nghe. L\u00e0m \u0111\u01b0\u1ee3c \u0111i\u1ec1u \u0111\u00f3 m\u1edbi \u0111\u00fang ngh\u0129a l\u00e0 c\u00f3 \u0111\u01b0\u1ee3c m\u1ed9t n\u1ed3i c\u01a1m ngon, kh\u00f4ng kh\u00ea, kh\u00f4ng ch\u00e1y. <br><br>\n\n\ud83c\udfa5 V\u00ec b\u1ea1n \u0111ang \u1edf trong kh\u00f3a h\u1ecdc video t\u1ef1 h\u1ecdc - n\u01a1i m\u1ecdi th\u1ee9 \u0111\u01b0\u1ee3c b\u00e0y s\u1eb5n, c\u00f3 tr\u00ecnh t\u1ef1 r\u00f5 r\u00e0ng, c\u00f3 h\u01b0\u1edbng d\u1eabn c\u1ee5 th\u1ec3, c\u00f3 c\u1ea3 nh\u1eefng \u201ctips\u201d nho nh\u1ecf gi\u00fap b\u1ea1n tr\u00e1nh ch\u00e1y c\u01a1m, kh\u00ea n\u1ed3i.<br><br>\n\nNhi\u1ec7m v\u1ee5 c\u1ee7a b\u1ea1n l\u00fac n\u00e0y kh\u00f4ng ph\u1ea3i l\u00e0 loay hoay chu\u1ea9n b\u1ecb, m\u00e0 l\u00e0 b\u1eaft tay v\u00e0o n\u1ea5u: nghi\u00eam t\u00fac, \u0111\u1ec1u \u0111\u1eb7n, ch\u1eafc tay, canh \u0111\u00fang l\u1eeda. V\u1edbi ng\u1ecdn l\u1eeda b\u1ebfp ga \u0111\u00e3 b\u1eadt, gi\u1edd \u0111\u00e2y, b\u1ea1n \u0111\u00e3 l\u00e0 ng\u01b0\u1eddi l\u00e0m ch\u1ee7 qu\u00e1 tr\u00ecnh n\u1ea5u c\u01a1m, c\u0169ng nh\u01b0 \u0111ang d\u1ea7n l\u00e0m ch\u1ee7 ng\u00f4n ng\u1eef m\u1edbi c\u1ee7a ch\u00ednh m\u00ecnh.<br><br>\nB\u1eadt l\u1eeda, canh l\u1eeda, \u0111\u1eebng \u0111\u1ec3 c\u01a1m tr\u00e0o, r\u1ed3i \u0111\u1ee3i m\u1ed9t l\u00fac nh\u00e9... th\u01a1m ch\u01b0a? \ud83d\ude09<\/h2>\t\t\t\t<\/div>\n\t\t\t\t<\/div>\n\t\t\t\t\t<\/div>\n\t\t\t\t<\/div>\n\t\t<div class=\"elementor-element elementor-element-561d261 e-flex e-con-boxed e-con e-parent\" data-id=\"561d261\" data-element_type=\"container\" data-e-type=\"container\" data-settings=\"{&quot;_ha_eqh_enable&quot;:false}\">\n\t\t\t\t\t<div class=\"e-con-inner\">\n\t\t\t\t<div class=\"elementor-element elementor-element-b94d1e9 elementor-align-center elementor-widget elementor-widget-button\" data-id=\"b94d1e9\" data-element_type=\"widget\" data-e-type=\"widget\" data-widget_type=\"button.default\">\n\t\t\t\t<div class=\"elementor-widget-container\">\n\t\t\t\t\t\t\t\t\t<div class=\"elementor-button-wrapper\">\n\t\t\t\t\t<a class=\"elementor-button elementor-button-link elementor-size-sm elementor-animation-pulse-grow\" href=\"https:\/\/itstheglobalduo.com\/vi\/itsourenglishcourses-amop-comingsoon-vie\/\">\n\t\t\t\t\t\t<span class=\"elementor-button-content-wrapper\">\n\t\t\t\t\t\t\t\t\t<span class=\"elementor-button-text\">M\u00ccNH MU\u1ed0N \u0102N C\u01a0M!<\/span>\n\t\t\t\t\t<\/span>\n\t\t\t\t\t<\/a>\n\t\t\t\t<\/div>\n\t\t\t\t\t\t\t\t<\/div>\n\t\t\t\t<\/div>\n\t\t\t\t\t<\/div>\n\t\t\t\t<\/div>\n\t\t\t\t<\/div>","protected":false},"excerpt":{"rendered":"<p>\ud83d\udd25\ud83c\udf5a4C &#8211; C\u01a0M GA (c\u00f3 b\u1ebfp, c\u00f3 ga) B\u1ea1n l\u00e0 g\u1ea1o ST125 &#8211; lo\u1ea1i g\u1ea1o c\u1ef1c k\u1ef3 th\u01b0\u1ee3ng h\u1ea1ng, ngon chu\u1ea9n ch\u1ec9nh, \u0111\u00e3 \u0111\u01b0\u1ee3c vo s\u1ea1ch, ng\u00e2m k\u1ef9, n\u1eb1m ngay ng\u1eafn trong n\u1ed3i, s\u1eb5n s\u00e0ng \u0111\u1ec3&#8230; b\u1eadt b\u1ebfp n\u1ea5u m\u1ed9t b\u1eefa c\u01a1m ra tr\u00f2 \ud83c\udf5a \u2728\u1ede tr\u00ecnh \u0111\u1ed9 n\u00e0y, b\u1ea1n \u0111\u00e3 kh\u00e1 gi\u1ecfi r\u1ed3i. Tr\u00ecnh [&hellip;]<\/p>","protected":false},"author":1,"featured_media":0,"parent":0,"menu_order":0,"comment_status":"closed","ping_status":"closed","template":"","meta":{"footnotes":""},"class_list":["post-2437","page","type-page","status-publish","hentry"],"_links":{"self":[{"href":"https:\/\/itstheglobalduo.com\/vi\/wp-json\/wp\/v2\/pages\/2437","targetHints":{"allow":["GET"]}}],"collection":[{"href":"https:\/\/itstheglobalduo.com\/vi\/wp-json\/wp\/v2\/pages"}],"about":[{"href":"https:\/\/itstheglobalduo.com\/vi\/wp-json\/wp\/v2\/types\/page"}],"author":[{"embeddable":true,"href":"https:\/\/itstheglobalduo.com\/vi\/wp-json\/wp\/v2\/users\/1"}],"replies":[{"embeddable":true,"href":"https:\/\/itstheglobalduo.com\/vi\/wp-json\/wp\/v2\/comments?post=2437"}],"version-history":[{"count":10,"href":"https:\/\/itstheglobalduo.com\/vi\/wp-json\/wp\/v2\/pages\/2437\/revisions"}],"predecessor-version":[{"id":2817,"href":"https:\/\/itstheglobalduo.com\/vi\/wp-json\/wp\/v2\/pages\/2437\/revisions\/2817"}],"wp:attachment":[{"href":"https:\/\/itstheglobalduo.com\/vi\/wp-json\/wp\/v2\/media?parent=2437"}],"curies":[{"name":"wp","href":"https:\/\/api.w.org\/{rel}","templated":true}]}}