{"id":2428,"date":"2025-06-16T19:32:18","date_gmt":"2025-06-16T19:32:18","guid":{"rendered":"https:\/\/itstheglobalduo.com\/?page_id=2428"},"modified":"2025-06-23T10:48:39","modified_gmt":"2025-06-23T10:48:39","slug":"itsourenglishcourses-amop-testresult3c-vie","status":"publish","type":"page","link":"https:\/\/itstheglobalduo.com\/vi\/itsourenglishcourses-amop-testresult3c-vie\/","title":{"rendered":"English Courses AMOP TEST RESULT 3C &#8211; VIE"},"content":{"rendered":"<div data-elementor-type=\"wp-page\" data-elementor-id=\"2428\" class=\"elementor elementor-2428\" data-elementor-settings=\"{&quot;ha_cmc_init_switcher&quot;:&quot;no&quot;}\" data-elementor-post-type=\"page\">\n\t\t\t\t<div class=\"elementor-element elementor-element-21e3d55 e-flex e-con-boxed e-con e-parent\" data-id=\"21e3d55\" data-element_type=\"container\" data-e-type=\"container\" data-settings=\"{&quot;_ha_eqh_enable&quot;:false}\">\n\t\t\t\t\t<div class=\"e-con-inner\">\n\t\t\t\t<div class=\"elementor-element elementor-element-aaa6588 elementor-widget elementor-widget-image\" data-id=\"aaa6588\" data-element_type=\"widget\" data-e-type=\"widget\" data-widget_type=\"image.default\">\n\t\t\t\t<div class=\"elementor-widget-container\">\n\t\t\t\t\t\t\t\t\t\t\t\t\t\t\t<img fetchpriority=\"high\" decoding=\"async\" width=\"768\" height=\"768\" src=\"https:\/\/itstheglobalduo.com\/wp-content\/uploads\/2025\/06\/Its-OUR-COURSES-20-768x768.png\" class=\"attachment-medium_large size-medium_large wp-image-2416\" alt=\"\" srcset=\"https:\/\/itstheglobalduo.com\/wp-content\/uploads\/2025\/06\/Its-OUR-COURSES-20-768x768.png 768w, https:\/\/itstheglobalduo.com\/wp-content\/uploads\/2025\/06\/Its-OUR-COURSES-20-300x300.png 300w, https:\/\/itstheglobalduo.com\/wp-content\/uploads\/2025\/06\/Its-OUR-COURSES-20-1024x1024.png 1024w, https:\/\/itstheglobalduo.com\/wp-content\/uploads\/2025\/06\/Its-OUR-COURSES-20-150x150.png 150w, https:\/\/itstheglobalduo.com\/wp-content\/uploads\/2025\/06\/Its-OUR-COURSES-20-1536x1536.png 1536w, https:\/\/itstheglobalduo.com\/wp-content\/uploads\/2025\/06\/Its-OUR-COURSES-20-2048x2048.png 2048w, https:\/\/itstheglobalduo.com\/wp-content\/uploads\/2025\/06\/Its-OUR-COURSES-20-12x12.png 12w, https:\/\/itstheglobalduo.com\/wp-content\/uploads\/2025\/06\/Its-OUR-COURSES-20-600x600.png 600w, https:\/\/itstheglobalduo.com\/wp-content\/uploads\/2025\/06\/Its-OUR-COURSES-20-100x100.png 100w\" sizes=\"(max-width: 768px) 100vw, 768px\" \/>\t\t\t\t\t\t\t\t\t\t\t\t\t\t\t<\/div>\n\t\t\t\t<\/div>\n\t\t\t\t\t<\/div>\n\t\t\t\t<\/div>\n\t\t<div class=\"elementor-element elementor-element-dca7e96 e-flex e-con-boxed e-con e-parent\" data-id=\"dca7e96\" data-element_type=\"container\" data-e-type=\"container\" data-settings=\"{&quot;_ha_eqh_enable&quot;:false}\">\n\t\t\t\t\t<div class=\"e-con-inner\">\n\t\t\t\t<div class=\"elementor-element elementor-element-062d428 elementor-widget elementor-widget-heading\" data-id=\"062d428\" data-element_type=\"widget\" data-e-type=\"widget\" data-widget_type=\"heading.default\">\n\t\t\t\t<div class=\"elementor-widget-container\">\n\t\t\t\t\t<h2 class=\"elementor-heading-title elementor-size-default\">\ud83d\udd25\ud83c\udf5a<span style=\"color: red\">3C - C\u01a0M THAN (c\u00f3 than, c\u00f3 l\u1eeda)<\/span><br><br>B\u1ea1n ch\u1eb3ng ph\u1ea3i l\u00e0 g\u1ea1o l\u1ee9t l\u1ea1o x\u1ea1o hay g\u1ea1o t\u1ea5m l\u1ed5n nh\u1ed5n, m\u00e0 \u1edf tr\u00ecnh \u0111\u1ed9 hi\u1ec7n t\u1ea1i, b\u1ea1n \u0111\u00e3 l\u00e0 G\u1ea1o ST125 - lo\u1ea1i g\u1ea1o ngon s\u1ed1 dz\u00e1ch, d\u1ebbo th\u01a1m, m\u1ec1m c\u01a1m, \u0111\u00e3 \u0111\u01b0\u1ee3c vo s\u1ea1ch, ng\u00e2m m\u1ec1m, ch\u1ec9 c\u00f2n ch\u1edd \u0111\u01b0\u1ee3c n\u1ea5u th\u00e0nh m\u1ed9t n\u1ed3i c\u01a1m ngon ng\u1ea5t ng\u00e2y con g\u00e0 t\u00e2y \ud83c\udf5a\u2728\n<br><br>\ud83d\udd25 V\u00e0 \u1edf tr\u00ecnh \u0111\u1ed9 n\u00e0y\u2026 b\u1ea1n s\u1ebd \u0111\u01b0\u1ee3c n\u1ea5u b\u1eb1ng than! <br><br>Kh\u00f4ng ph\u1ea3i r\u01a1m r\u1ea1 kh\u00f3i m\u00f9 tr\u1eddi.<br><br>\nKh\u00f4ng ph\u1ea3i v\u00e1c r\u00ecu \u0111i \u0111\u1ed1n c\u1ee7i.<br><br>Nh\u01b0ng\u2026 c\u0169ng ch\u01b0a \u0111\u1ee7 t\u1ea7m \u0111\u1ec3 x\u00e0i b\u1ebfp ga hay n\u1ed3i c\u01a1m \u0111i\u1ec7n x\u1ecbn x\u00f2.<br><br>V\u1eady l\u00e0 b\u1ea1n quy\u1ebft \u0111\u1ecbnh s\u1ebd ch\u01a1i l\u1edbn: n\u1ea5u c\u01a1m b\u1eb1ng b\u1ebfp than t\u1ed5 ong cho th\u01a1m ph\u1ee9c m\u00f9i qu\u00ea nh\u00e0. <br><br>\n\ud83d\udd25 Than h\u1ed3ng \u0111ang ch\u00e1y, l\u1eeda \u0111ang \u0111\u1ec1u, v\u00e0 n\u1ed3i c\u01a1m c\u1ee7a b\u1ea1n \u0111\u00e3 b\u1eaft \u0111\u1ea7u to\u1ea3 m\u00f9i th\u01a1m lan kh\u1eafp x\u00f3m. Nh\u01b0ng... c\u01a1m ch\u01b0a ch\u00edn \u0111\u00e2u nha. \u0110\u00e2y l\u00e0 giai \u0111o\u1ea1n c\u1ef1c k\u1ef3 quan tr\u1ecdng: gi\u1eef l\u1eeda sao cho \u0111\u1ec1u, canh n\u1ed3i sao cho chu\u1ea9n, ch\u1ec9 c\u1ea7n l\u01a1 l\u00e0 m\u1ed9t ch\u00fat th\u00f4i l\u00e0 kh\u00e9t l\u1eb9t, t\u1eeb c\u01a1m ngon th\u00e0nh c\u01a1m kh\u00ea nh\u01b0 ch\u01a1i \ud83d\ude2c<br><br>\nSo v\u1edbi tr\u00ecnh \u0111\u1ed9 ti\u1ebfng Anh, \u0111\u00e2y ch\u00ednh l\u00e0 l\u00fac b\u1ea1n b\u1eaft \u0111\u1ea7u th\u1ef1c s\u1ef1 ti\u1ebfp nh\u1eadn ki\u1ebfn th\u1ee9c m\u1ed9t c\u00e1ch c\u00f3 h\u1ec7 th\u1ed1ng, <span style=\"letter-spacing: 0px\">l\u00e0 l\u00fac b\u1ea1n luy\u1ec7n ti\u1ebfng Anh \u201cchuy\u00ean s\u00e2u\u201d: tranh lu\u1eadn, m\u00f4 t\u1ea3, thuy\u1ebft tr\u00ecnh. <\/span><span style=\"font-family: inherit;letter-spacing: 0px\">B\u1ea1n kh\u00f4ng c\u00f2n \u1edf giai \u0111o\u1ea1n m\u00f2 m\u1eabm, kh\u00f4ng c\u00f2n b\u1ecb \"r\u1ed1i n\u00e3o\", m\u00e0 \u0111\u00e3 hi\u1ec3u b\u00e0i gi\u1ea3ng, b\u1eaft \u0111\u1ea7u ph\u1ea3n x\u1ea1 \u0111\u01b0\u1ee3c, v\u00e0 luy\u1ec7n t\u1eadp c\u00f3 \u0111\u1ecbnh h\u01b0\u1edbng.<br><br>\nNh\u01b0ng \u0111\u1eebng ch\u1ee7 quan - v\u00ec c\u01a1m \u0111ang s\u00f4i l\u00e0 l\u00fac d\u1ec5 tr\u00e0o, d\u1ec5 bung n\u1eafp n\u1ed3i nh\u1ea5t! N\u00ean c\u1ee9 t\u1eeb t\u1ed1n, v\u1eefng v\u00e0ng, l\u00e0m theo h\u01b0\u1edbng d\u1eabn trong t\u1eebng video, t\u1eebng b\u00e0i t\u1eadp. C\u1ee9 gi\u1eef nhi\u1ec7t \u0111\u1ec1u nh\u01b0 th\u1ebf, th\u00ec kh\u00f4ng s\u1edbm th\u00ec mu\u1ed9n - b\u1ea1n s\u1ebd tr\u1edf th\u00e0nh m\u1ed9t n\u1ed3i c\u01a1m chu\u1ea9n ch\u1ec9nh, th\u01a1m l\u1eebng, d\u1ebbo ngon kh\u00f4ng k\u00e9m g\u00ec nh\u00e0 h\u00e0ng 5 sao! \ud83c\udf7d\ufe0f\ud83c\udf1f<br><br>\nGi\u1ed1ng nh\u01b0 n\u1ea5u c\u01a1m b\u1eb1ng than \u2013 kh\u00f4ng v\u1ed9i \u0111\u01b0\u1ee3c \u0111\u00e2u, ph\u1ea3i ch\u1ec9nh l\u1eeda t\u1eeb t\u1ed1n, \u0111i\u1ec1u ti\u1ebft th\u1eadt \u0111\u1ec1u. Ng\u00f4n ng\u1eef c\u0169ng v\u1eady!<br><br>C\u01a1m \u0111ang s\u00f4i, b\u1ea1n \u0111\u1eebng l\u01a1i tay \u2013 ti\u1ebfp t\u1ee5c gi\u1eef l\u1eeda n\u00e0o! \u0110\u00e2y l\u00e0 giai \u0111o\u1ea1n b\u1ea3n l\u1ec1 - n\u1ebfu b\u1ea1n l\u00e0m ch\u1ee7 \u0111\u01b0\u1ee3c \u201cl\u1eeda than\u201d, th\u00ec sau n\u00e0y n\u1ea5u ki\u1ec3u g\u00ec c\u0169ng ngon! <br><br>\n\n<span style=\"color:red\">\"C\u00f3 c\u00f4ng tr\u00f4ng l\u1eeda, c\u00f3 ng\u00e0y n\u00ean c\u01a1m\", said Chi\u1ebfc T\u00e2y Valentin \ud83e\udd23\ud83e\udef6<\/span><br><br>\n\nL\u1ea5y b\u00e1t \u0111\u0169a ra chu\u1ea9n b\u1ecb \u0103n c\u01a1m ngon chu\u1ea9n m\u1eb9 n\u1ea5u th\u00f4i n\u00e0ooooo! \ud83e\udd24\n<\/h2>\t\t\t\t<\/div>\n\t\t\t\t<\/div>\n\t\t\t\t\t<\/div>\n\t\t\t\t<\/div>\n\t\t<div class=\"elementor-element elementor-element-561d261 e-flex e-con-boxed e-con e-parent\" data-id=\"561d261\" data-element_type=\"container\" data-e-type=\"container\" data-settings=\"{&quot;_ha_eqh_enable&quot;:false}\">\n\t\t\t\t\t<div class=\"e-con-inner\">\n\t\t\t\t<div class=\"elementor-element elementor-element-b94d1e9 elementor-align-center elementor-widget elementor-widget-button\" data-id=\"b94d1e9\" data-element_type=\"widget\" data-e-type=\"widget\" data-widget_type=\"button.default\">\n\t\t\t\t<div class=\"elementor-widget-container\">\n\t\t\t\t\t\t\t\t\t<div class=\"elementor-button-wrapper\">\n\t\t\t\t\t<a class=\"elementor-button elementor-button-link elementor-size-sm elementor-animation-pulse-grow\" href=\"https:\/\/itstheglobalduo.com\/vi\/itsourenglishcourses-amop-comingsoon-vie\/\">\n\t\t\t\t\t\t<span class=\"elementor-button-content-wrapper\">\n\t\t\t\t\t\t\t\t\t<span class=\"elementor-button-text\">M\u00ccNH MU\u1ed0N \u0102N C\u01a0M!<\/span>\n\t\t\t\t\t<\/span>\n\t\t\t\t\t<\/a>\n\t\t\t\t<\/div>\n\t\t\t\t\t\t\t\t<\/div>\n\t\t\t\t<\/div>\n\t\t\t\t\t<\/div>\n\t\t\t\t<\/div>\n\t\t\t\t<\/div>","protected":false},"excerpt":{"rendered":"<p>\ud83d\udd25\ud83c\udf5a3C &#8211; C\u01a0M THAN (c\u00f3 than, c\u00f3 l\u1eeda) B\u1ea1n ch\u1eb3ng ph\u1ea3i l\u00e0 g\u1ea1o l\u1ee9t l\u1ea1o x\u1ea1o hay g\u1ea1o t\u1ea5m l\u1ed5n nh\u1ed5n, m\u00e0 \u1edf tr\u00ecnh \u0111\u1ed9 hi\u1ec7n t\u1ea1i, b\u1ea1n \u0111\u00e3 l\u00e0 G\u1ea1o ST125 &#8211; lo\u1ea1i g\u1ea1o ngon s\u1ed1 dz\u00e1ch, d\u1ebbo th\u01a1m, m\u1ec1m c\u01a1m, \u0111\u00e3 \u0111\u01b0\u1ee3c vo s\u1ea1ch, ng\u00e2m m\u1ec1m, ch\u1ec9 c\u00f2n ch\u1edd \u0111\u01b0\u1ee3c n\u1ea5u th\u00e0nh m\u1ed9t [&hellip;]<\/p>","protected":false},"author":1,"featured_media":0,"parent":0,"menu_order":0,"comment_status":"closed","ping_status":"closed","template":"","meta":{"footnotes":""},"class_list":["post-2428","page","type-page","status-publish","hentry"],"_links":{"self":[{"href":"https:\/\/itstheglobalduo.com\/vi\/wp-json\/wp\/v2\/pages\/2428","targetHints":{"allow":["GET"]}}],"collection":[{"href":"https:\/\/itstheglobalduo.com\/vi\/wp-json\/wp\/v2\/pages"}],"about":[{"href":"https:\/\/itstheglobalduo.com\/vi\/wp-json\/wp\/v2\/types\/page"}],"author":[{"embeddable":true,"href":"https:\/\/itstheglobalduo.com\/vi\/wp-json\/wp\/v2\/users\/1"}],"replies":[{"embeddable":true,"href":"https:\/\/itstheglobalduo.com\/vi\/wp-json\/wp\/v2\/comments?post=2428"}],"version-history":[{"count":13,"href":"https:\/\/itstheglobalduo.com\/vi\/wp-json\/wp\/v2\/pages\/2428\/revisions"}],"predecessor-version":[{"id":2808,"href":"https:\/\/itstheglobalduo.com\/vi\/wp-json\/wp\/v2\/pages\/2428\/revisions\/2808"}],"wp:attachment":[{"href":"https:\/\/itstheglobalduo.com\/vi\/wp-json\/wp\/v2\/media?parent=2428"}],"curies":[{"name":"wp","href":"https:\/\/api.w.org\/{rel}","templated":true}]}}