{"id":2407,"date":"2025-06-16T19:10:13","date_gmt":"2025-06-16T19:10:13","guid":{"rendered":"https:\/\/itstheglobalduo.com\/?page_id=2407"},"modified":"2025-06-23T10:48:48","modified_gmt":"2025-06-23T10:48:48","slug":"itsourenglishcourses-amop-testresult4a-vie","status":"publish","type":"page","link":"https:\/\/itstheglobalduo.com\/vi\/itsourenglishcourses-amop-testresult4a-vie\/","title":{"rendered":"English Courses AMOP TEST RESULT 4A &#8211; VIE"},"content":{"rendered":"<div data-elementor-type=\"wp-page\" data-elementor-id=\"2407\" class=\"elementor elementor-2407\" data-elementor-settings=\"{&quot;ha_cmc_init_switcher&quot;:&quot;no&quot;}\" data-elementor-post-type=\"page\">\n\t\t\t\t<div class=\"elementor-element elementor-element-21e3d55 e-flex e-con-boxed e-con e-parent\" data-id=\"21e3d55\" data-element_type=\"container\" data-e-type=\"container\" data-settings=\"{&quot;_ha_eqh_enable&quot;:false}\">\n\t\t\t\t\t<div class=\"e-con-inner\">\n\t\t\t\t<div class=\"elementor-element elementor-element-aaa6588 elementor-widget elementor-widget-image\" data-id=\"aaa6588\" data-element_type=\"widget\" data-e-type=\"widget\" data-widget_type=\"image.default\">\n\t\t\t\t<div class=\"elementor-widget-container\">\n\t\t\t\t\t\t\t\t\t\t\t\t\t\t\t<img fetchpriority=\"high\" decoding=\"async\" width=\"768\" height=\"768\" src=\"https:\/\/itstheglobalduo.com\/wp-content\/uploads\/2025\/06\/Its-OUR-COURSES-19-768x768.png\" class=\"attachment-medium_large size-medium_large wp-image-2620\" alt=\"\" srcset=\"https:\/\/itstheglobalduo.com\/wp-content\/uploads\/2025\/06\/Its-OUR-COURSES-19-768x768.png 768w, https:\/\/itstheglobalduo.com\/wp-content\/uploads\/2025\/06\/Its-OUR-COURSES-19-300x300.png 300w, https:\/\/itstheglobalduo.com\/wp-content\/uploads\/2025\/06\/Its-OUR-COURSES-19-1024x1024.png 1024w, https:\/\/itstheglobalduo.com\/wp-content\/uploads\/2025\/06\/Its-OUR-COURSES-19-150x150.png 150w, https:\/\/itstheglobalduo.com\/wp-content\/uploads\/2025\/06\/Its-OUR-COURSES-19-1536x1536.png 1536w, https:\/\/itstheglobalduo.com\/wp-content\/uploads\/2025\/06\/Its-OUR-COURSES-19-2048x2048.png 2048w, https:\/\/itstheglobalduo.com\/wp-content\/uploads\/2025\/06\/Its-OUR-COURSES-19-12x12.png 12w, https:\/\/itstheglobalduo.com\/wp-content\/uploads\/2025\/06\/Its-OUR-COURSES-19-600x600.png 600w, https:\/\/itstheglobalduo.com\/wp-content\/uploads\/2025\/06\/Its-OUR-COURSES-19-100x100.png 100w\" sizes=\"(max-width: 768px) 100vw, 768px\" \/>\t\t\t\t\t\t\t\t\t\t\t\t\t\t\t<\/div>\n\t\t\t\t<\/div>\n\t\t\t\t\t<\/div>\n\t\t\t\t<\/div>\n\t\t<div class=\"elementor-element elementor-element-dca7e96 e-flex e-con-boxed e-con e-parent\" data-id=\"dca7e96\" data-element_type=\"container\" data-e-type=\"container\" data-settings=\"{&quot;_ha_eqh_enable&quot;:false}\">\n\t\t\t\t\t<div class=\"e-con-inner\">\n\t\t\t\t<div class=\"elementor-element elementor-element-062d428 elementor-widget elementor-widget-heading\" data-id=\"062d428\" data-element_type=\"widget\" data-e-type=\"widget\" data-widget_type=\"heading.default\">\n\t\t\t\t<div class=\"elementor-widget-container\">\n\t\t\t\t\t<h2 class=\"elementor-heading-title elementor-size-default\">\ud83d\udd25\ud83c\udf5a<span style=\"color: red\">4A - C\u01a0M GA (kh\u00f4ng b\u1ebfp, kh\u00f4ng ga)<\/span><br><br>Xin ch\u00fac m\u1eebng, b\u1ea1n ch\u00ednh l\u00e0 lo\u1ea1i  g\u1ea1o ST125 \u2013 m\u1ed9t lo\u1ea1i g\u1ea1o ngon tr\u1ee9 danh, h\u1ea1t d\u00e0i, th\u01a1m, d\u1ebbo v\u00e0 \u0111\u1eaft x\u1eaft ra mi\u1ebfng!<br>\nB\u1ea1n \u0111\u00e3 \u0111\u01b0\u1ee3c ng\u00e2m r\u1eeda s\u1ea1ch s\u1ebd, s\u1eb5n s\u00e0ng b\u01b0\u1edbc v\u00e0o h\u00e0nh tr\u00ecnh n\u1ea5u c\u01a1m c\u01a1m th\u1eadt s\u1ef1!<br><br>\ud83c\udfaf Th\u1eddi th\u1ed5i c\u01a1m b\u1eb1ng r\u01a1m r\u1ea1, c\u1ee7i l\u1eeda \u0111\u00e3 qua \u0111i. Gi\u1edd \u0111\u00e2y, b\u1ea1n \u0111\u00e3 tr\u1edf n\u00ean gi\u00e0u c\u00f3 h\u01a1n, v\u1edbi ngu\u1ed3n t\u00e0i nguy\u00ean \"ki\u1ebfn th\u1ee9c\" phong ph\u00fa h\u01a1n, n\u00ean b\u1ea1n c\u00f3 th\u1ec3 \"afford\" \u0111\u01b0\u1ee3c vi\u1ec7c n\u1ea5u c\u01a1m b\u1eb1ng b\u1ebfp . B\u1ea1n kh\u00f4ng ph\u1ea3i v\u1eadt l\u1ed9n v\u1edbi kh\u00f3i, c\u0169ng ch\u1eb3ng c\u1ea7n t\u1ef1 \u0111i \u0111\u1eadp \u0111\u00e1 nh\u00f3m l\u1eeda. <br><br>B\u1ea1n \u0111\u00e3 b\u01b0\u1edbc v\u00e0o k\u1ef7 nguy\u00ean b\u1ebfp gas \u2013 n\u01a1i m\u00e0 ch\u1ec9 c\u1ea7n v\u1eb7n n\u00fat m\u1ed9t c\u00e1i, l\u1eeda xanh ph\u1eebng ph\u1eebng.<br><br>\n\ud83d\ude2e\u200d\ud83d\udca8 Nh\u01b0ng \u0111\u1eddi\u2026 kh\u00f4ng nh\u01b0 l\u00e0 m\u01a1<br><br>B\u1ebfp th\u00ec kh\u00f4ng c\u00f3, ga th\u00ec c\u00e0ng kh\u00f4ng.<br>\ud83d\udd25B\u1ea1n \u0111\u01b0\u1ee3c ph\u00e1t m\u1ed9t b\u00ecnh gas\u2026<br><br>\n\ud83e\udd72 \u2026 nh\u01b0ng n\u00f3 r\u1ed7ng tu\u1ebfch.<br><br>\n\ud83e\udd72 \u2026 v\u00e0 c\u00e1i b\u1ebfp th\u00ec ch\u01b0a th\u1ea5y \u0111\u00e2u<br><br>Kh\u00f4ng \u1ed1ng n\u1ed1i, kh\u00f4ng b\u1ebfp, kh\u00f4ng b\u1eadt \u0111\u01b0\u1ee3c g\u00ec h\u1ebft...B\u1ea1n nh\u01b0 \u0111ang \u0111\u1ee9ng gi\u1eefa m\u1ed9t nh\u00e0 b\u1ebfp hoang ph\u1ebf, v\u1edbi chi\u1ebfc n\u1ed3i s\u1ea1ch b\u00f3ng, nguy\u00ean li\u1ec7u \u0111\u00e3 s\u1eb5n s\u00e0ng, m\u00e0 ch\u1eb3ng th\u1ec3 l\u00e0m g\u00ec ngo\u00e0i\u2026 ng\u1ed3i nh\u00ecn \ud83d\ude14\nC\u1ea3m gi\u00e1c \u0111\u00f3 quen kh\u00f4ng? N\u00f3 gi\u1ed1ng nh\u01b0 khi b\u1ea1n:<br><br>Bi\u1ebft nhi\u1ec1u t\u1eeb v\u1ef1ng nh\u01b0ng kh\u00f4ng bi\u1ebft r\u00e1p c\u00e2u<br><br>C\u00f3 \u00fd t\u01b0\u1edfng trong \u0111\u1ea7u nh\u01b0ng \u00fa \u1edb kh\u00f4ng n\u00f3i \u0111\u01b0\u1ee3c<br><br>C\u1ee9 t\u01b0\u1edfng m\u00ecnh \u201ct\u1edbi c\u00f4ng chuy\u1ec7n\u201d r\u1ed3i, ai ng\u1edd\u2026 \u201cl\u1ea1nh tanh nh\u01b0 n\u01b0\u1edbc \u1ed1c\u201d.<br><br>\u0110\u00e2y ch\u00ednh l\u00e0 tr\u00ecnh \u0111\u1ed9 ti\u1ebfng Anh c\u1ee7a b\u1ea1n hi\u1ec7n t\u1ea1i: B\u1ea1n c\u00f3 n\u1ec1n t\u1ea3ng v\u1eefng, hi\u1ec3u c\u1ea5u tr\u00fac, thu\u1ed9c t\u1eeb v\u1ef1ng c\u01a1 b\u1ea3n, v\u00e0 c\u00f3 \u0111\u1ecbnh h\u01b0\u1edbng h\u1ecdc r\u00f5 r\u00e0ng, nh\u01b0ng khi c\u1ea7n n\u00f3i, c\u1ea7n vi\u1ebft, ho\u1eb7c c\u1ea7n ph\u1ea3n x\u1ea1, th\u00ec nhi\u1ec1u l\u00fac c\u1ee9 nh\u01b0 ki\u1ec3u \u201cbi\u1ebft m\u00e0 kh\u00f4ng b\u1eadt \u0111\u01b0\u1ee3c\u201d. Kh\u00f4ng ph\u1ea3i do b\u1ea1n d\u1edf, m\u00e0 l\u00e0 v\u00ec thi\u1ebfu c\u00f4ng c\u1ee5, thi\u1ebfu m\u00f4i tr\u01b0\u1eddng, thi\u1ebfu s\u1ef1 h\u1ed7 tr\u1ee3 \u0111\u00fang l\u00fac \ud83d\udd27\ud83d\udcda Ch\u00ednh v\u00ec v\u1eady, kho\u00e1 h\u1ecdc video n\u00e0y xu\u1ea5t hi\u1ec7n \u0111\u1ec3 h\u01b0\u1edbng d\u1eabn b\u1ea1n c\u00e1ch g\u1eafn \u1ed1ng, b\u1eadt b\u1ebfp, ki\u1ec3m tra van, ch\u00e2m l\u1eeda. T\u1eebng b\u01b0\u1edbc m\u1ed9t, ch\u1eadm m\u00e0 ch\u1eafc. V\u00ec n\u1ebfu kh\u00f4ng bi\u1ebft c\u00e1ch n\u1ea5u b\u1eb1ng b\u1ebfp ga th\u00ec c\u00f3 b\u1ebfp th\u1eadt, c\u00f3 ga th\u1eadt c\u0169ng v\u00f4 ngh\u0129a th\u00f4i. \u0110\u00e2y l\u00e0 l\u00fac r\u00e8n kh\u1ea3 n\u0103ng \u1ee9ng bi\u1ebfn, x\u00e2y d\u1ef1ng ph\u1ea3n x\u1ea1 ti\u1ebfng Anh kh\u00f4ng c\u00f2n c\u1ee9ng nh\u1eafc.<br><br>\nB\u1ea1n c\u1ea7n h\u1ecdc c\u00e1ch k\u1ebft n\u1ed1i ki\u1ebfn th\u1ee9c c\u0169, t\u1eadn d\u1ee5ng t\u1ed1i \u0111a nh\u1eefng g\u00ec c\u00f3 trong tay, v\u00e0 s\u1eb5n s\u00e0ng l\u1eafp r\u00e1p b\u1ebfp ri\u00eang cho m\u00ecnh<br><br>\ud83d\udc49 C\u1ee9 h\u1ecdc t\u1eeb t\u1eeb, luy\u1ec7n theo video \u0111\u1ec1u \u0111\u1eb7n, v\u00e0 \u0111\u1ebfn m\u1ed9t l\u00fac n\u00e0o \u0111\u00f3, b\u1ea1n s\u1ebd kh\u00f4ng c\u00f2n ph\u1ea3i loay hoay n\u1eefa, v\u00ec m\u1ed9t khi b\u1ea1n t\u00ecm \u0111\u01b0\u1ee3c b\u1ebfp v\u00e0 n\u1ea1p \u0111\u1ea7y gas\u2026 c\u01a1m ngon ch\u1ec9 c\u00f2n c\u00e1ch m\u1ed9t c\u00fa v\u1eb7n n\u00fat!\ud83d\udd25\ud83c\udf7d\ufe0f<br><br>\n<\/h2>\t\t\t\t<\/div>\n\t\t\t\t<\/div>\n\t\t\t\t\t<\/div>\n\t\t\t\t<\/div>\n\t\t<div class=\"elementor-element elementor-element-561d261 e-flex e-con-boxed e-con e-parent\" data-id=\"561d261\" data-element_type=\"container\" data-e-type=\"container\" data-settings=\"{&quot;_ha_eqh_enable&quot;:false}\">\n\t\t\t\t\t<div class=\"e-con-inner\">\n\t\t\t\t<div class=\"elementor-element elementor-element-b94d1e9 elementor-align-center elementor-widget elementor-widget-button\" data-id=\"b94d1e9\" data-element_type=\"widget\" data-e-type=\"widget\" data-widget_type=\"button.default\">\n\t\t\t\t<div class=\"elementor-widget-container\">\n\t\t\t\t\t\t\t\t\t<div class=\"elementor-button-wrapper\">\n\t\t\t\t\t<a class=\"elementor-button elementor-button-link elementor-size-sm elementor-animation-pulse-grow\" href=\"https:\/\/itstheglobalduo.com\/vi\/itsourenglishcourses-amop-comingsoon-vie\/\">\n\t\t\t\t\t\t<span class=\"elementor-button-content-wrapper\">\n\t\t\t\t\t\t\t\t\t<span class=\"elementor-button-text\">M\u00ccNH MU\u1ed0N \u0102N C\u01a0M!<\/span>\n\t\t\t\t\t<\/span>\n\t\t\t\t\t<\/a>\n\t\t\t\t<\/div>\n\t\t\t\t\t\t\t\t<\/div>\n\t\t\t\t<\/div>\n\t\t\t\t\t<\/div>\n\t\t\t\t<\/div>\n\t\t\t\t<\/div>","protected":false},"excerpt":{"rendered":"<p>\ud83d\udd25\ud83c\udf5a4A &#8211; C\u01a0M GA (kh\u00f4ng b\u1ebfp, kh\u00f4ng ga) Xin ch\u00fac m\u1eebng, b\u1ea1n ch\u00ednh l\u00e0 lo\u1ea1i g\u1ea1o ST125 \u2013 m\u1ed9t lo\u1ea1i g\u1ea1o ngon tr\u1ee9 danh, h\u1ea1t d\u00e0i, th\u01a1m, d\u1ebbo v\u00e0 \u0111\u1eaft x\u1eaft ra mi\u1ebfng! B\u1ea1n \u0111\u00e3 \u0111\u01b0\u1ee3c ng\u00e2m r\u1eeda s\u1ea1ch s\u1ebd, s\u1eb5n s\u00e0ng b\u01b0\u1edbc v\u00e0o h\u00e0nh tr\u00ecnh n\u1ea5u c\u01a1m c\u01a1m th\u1eadt s\u1ef1! \ud83c\udfaf Th\u1eddi th\u1ed5i c\u01a1m [&hellip;]<\/p>","protected":false},"author":1,"featured_media":0,"parent":0,"menu_order":0,"comment_status":"closed","ping_status":"closed","template":"","meta":{"footnotes":""},"class_list":["post-2407","page","type-page","status-publish","hentry"],"_links":{"self":[{"href":"https:\/\/itstheglobalduo.com\/vi\/wp-json\/wp\/v2\/pages\/2407","targetHints":{"allow":["GET"]}}],"collection":[{"href":"https:\/\/itstheglobalduo.com\/vi\/wp-json\/wp\/v2\/pages"}],"about":[{"href":"https:\/\/itstheglobalduo.com\/vi\/wp-json\/wp\/v2\/types\/page"}],"author":[{"embeddable":true,"href":"https:\/\/itstheglobalduo.com\/vi\/wp-json\/wp\/v2\/users\/1"}],"replies":[{"embeddable":true,"href":"https:\/\/itstheglobalduo.com\/vi\/wp-json\/wp\/v2\/comments?post=2407"}],"version-history":[{"count":11,"href":"https:\/\/itstheglobalduo.com\/vi\/wp-json\/wp\/v2\/pages\/2407\/revisions"}],"predecessor-version":[{"id":2811,"href":"https:\/\/itstheglobalduo.com\/vi\/wp-json\/wp\/v2\/pages\/2407\/revisions\/2811"}],"wp:attachment":[{"href":"https:\/\/itstheglobalduo.com\/vi\/wp-json\/wp\/v2\/media?parent=2407"}],"curies":[{"name":"wp","href":"https:\/\/api.w.org\/{rel}","templated":true}]}}