{"id":2402,"date":"2025-06-16T19:07:45","date_gmt":"2025-06-16T19:07:45","guid":{"rendered":"https:\/\/itstheglobalduo.com\/?page_id=2402"},"modified":"2025-06-23T10:48:09","modified_gmt":"2025-06-23T10:48:09","slug":"itsourenglishcourses-amop-testresult2c-vie","status":"publish","type":"page","link":"https:\/\/itstheglobalduo.com\/vi\/itsourenglishcourses-amop-testresult2c-vie\/","title":{"rendered":"English Courses AMOP TEST RESULT 2C &#8211; VIE"},"content":{"rendered":"<div data-elementor-type=\"wp-page\" data-elementor-id=\"2402\" class=\"elementor elementor-2402\" data-elementor-settings=\"{&quot;ha_cmc_init_switcher&quot;:&quot;no&quot;}\" data-elementor-post-type=\"page\">\n\t\t\t\t<div class=\"elementor-element elementor-element-21e3d55 e-flex e-con-boxed e-con e-parent\" data-id=\"21e3d55\" data-element_type=\"container\" data-settings=\"{&quot;_ha_eqh_enable&quot;:false}\">\n\t\t\t\t\t<div class=\"e-con-inner\">\n\t\t\t\t<div class=\"elementor-element elementor-element-aaa6588 elementor-widget elementor-widget-image\" data-id=\"aaa6588\" data-element_type=\"widget\" data-widget_type=\"image.default\">\n\t\t\t\t<div class=\"elementor-widget-container\">\n\t\t\t\t\t\t\t\t\t\t\t\t\t\t\t<img fetchpriority=\"high\" decoding=\"async\" width=\"768\" height=\"768\" src=\"https:\/\/itstheglobalduo.com\/wp-content\/uploads\/2025\/06\/Its-OUR-COURSES-18-768x768.png\" class=\"attachment-medium_large size-medium_large wp-image-2392\" alt=\"\" srcset=\"https:\/\/itstheglobalduo.com\/wp-content\/uploads\/2025\/06\/Its-OUR-COURSES-18-768x768.png 768w, https:\/\/itstheglobalduo.com\/wp-content\/uploads\/2025\/06\/Its-OUR-COURSES-18-300x300.png 300w, https:\/\/itstheglobalduo.com\/wp-content\/uploads\/2025\/06\/Its-OUR-COURSES-18-1024x1024.png 1024w, https:\/\/itstheglobalduo.com\/wp-content\/uploads\/2025\/06\/Its-OUR-COURSES-18-150x150.png 150w, https:\/\/itstheglobalduo.com\/wp-content\/uploads\/2025\/06\/Its-OUR-COURSES-18-1536x1536.png 1536w, https:\/\/itstheglobalduo.com\/wp-content\/uploads\/2025\/06\/Its-OUR-COURSES-18-2048x2048.png 2048w, https:\/\/itstheglobalduo.com\/wp-content\/uploads\/2025\/06\/Its-OUR-COURSES-18-12x12.png 12w, https:\/\/itstheglobalduo.com\/wp-content\/uploads\/2025\/06\/Its-OUR-COURSES-18-600x600.png 600w, https:\/\/itstheglobalduo.com\/wp-content\/uploads\/2025\/06\/Its-OUR-COURSES-18-100x100.png 100w\" sizes=\"(max-width: 768px) 100vw, 768px\" \/>\t\t\t\t\t\t\t\t\t\t\t\t\t\t\t<\/div>\n\t\t\t\t<\/div>\n\t\t\t\t\t<\/div>\n\t\t\t\t<\/div>\n\t\t<div class=\"elementor-element elementor-element-dca7e96 e-flex e-con-boxed e-con e-parent\" data-id=\"dca7e96\" data-element_type=\"container\" data-settings=\"{&quot;_ha_eqh_enable&quot;:false}\">\n\t\t\t\t\t<div class=\"e-con-inner\">\n\t\t\t\t<div class=\"elementor-element elementor-element-062d428 elementor-widget elementor-widget-heading\" data-id=\"062d428\" data-element_type=\"widget\" data-widget_type=\"heading.default\">\n\t\t\t\t<div class=\"elementor-widget-container\">\n\t\t\t\t\t<h2 class=\"elementor-heading-title elementor-size-default\">\ud83d\udd25\ud83c\udf5a<span style=\"color: red\">2C - C\u01a0M C\u1ee6I (c\u00f3 c\u1ee7i, c\u00f3 l\u1eeda)<\/span><br><br>\ud83d\udfe4 B\u1ea1n b\u00e2y gi\u1edd l\u00e0 G\u1ea0O ST125 - ngon l\u00e0nh c\u00e0nh \u0111\u00e0o! \ud83c\udfc5\ud83c\udf5a<br><br>\nB\u1ea1n kh\u00f4ng ph\u1ea3i l\u00e0 g\u1ea1o l\u1ee9t hay g\u1ea1o t\u1ea5m, m\u00e0 b\u1ea1n l\u00e0 g\u1ea1o ST125 ch\u1ea5t l\u01b0\u1ee3ng cao, \u0111\u00e3 \u0111\u01b0\u1ee3c ng\u00e2m r\u1eeda c\u1ea9n th\u1eadn, s\u1ea1ch s\u1ebd, th\u01a1m tho, s\u1eb5n s\u00e0ng cho v\u00e0o n\u1ed3i n\u1ea5u th\u00e0nh c\u01a1m.<br><br>Nh\u01b0ng... n\u1ea5u c\u01a1m th\u00ec \u0111\u00e2u c\u00f3 \u0111\u01a1n gi\u1ea3n...<br><br>\nC\u00f3 ng\u01b0\u1eddi n\u1ea5u b\u1eb1ng b\u1ebfp \u0111i\u1ec7n, c\u00f3 ng\u01b0\u1eddi x\u00e0i than, c\u00f3 ng\u01b0\u1eddi \u0111\u1ed1t r\u01a1m. <br><br>T\u00f9y v\u00e0o k\u1ef9 n\u0103ng, \u0111i\u1ec1u ki\u1ec7n, v\u00e0... c\u1ea3 tr\u00ecnh \u0111\u1ed9 ti\u1ebfng Anh n\u1eefa.<br><br>G\u1ea1o ngon th\u00ec \u0111\u00e3 c\u00f3 s\u1eb5n, nh\u01b0ng \u1edf tr\u00ecnh \u0111\u1ed9 hi\u1ec7n t\u1ea1i, b\u1ea1n v\u1eabn \u0111ang b\u1eaft \u0111\u1ea7u b\u01b0\u1edbc v\u00e0o h\u00e0nh tr\u00ecnh n\u1ea5u c\u01a1m. V\u00e0 hi\u1ec7n t\u1ea1i, b\u1ea1n \u0111ang \u1edf gi\u1eefa m\u1ed9t khu r\u1eebng, c\u00f3 s\u1eb5n c\u1ee7i trong tay. V\u00e0 \u0111i\u1ec1u tuy\u1ec7t v\u1eddi nh\u1ea5t l\u00e0 l\u1eeda \u0111\u00e3 b\u00f9ng l\u00ean r\u1ef1c r\u1ee1 \ud83d\udd25<br><br>M\u1eb7c d\u00f9 ga kh\u00f4ng c\u00f3, \u0111i\u1ec7n c\u0169ng ch\u01b0a, nh\u01b0ng ch\u1ec9 c\u1ea7n c\u00f3 c\u1ee7i v\u00e0 l\u1eeda trong tay th\u00ec g\u1ea1o c\u00f3 s\u1ed1ng \u0111\u1ebfn m\u1ea5y c\u0169ng s\u1ebd ch\u00edn th\u00e0nh c\u01a1m. B\u1ea1n \u0111\u00e3 c\u00f3 \u0111\u1ee7 c\u00f4ng c\u1ee5 \u0111\u1ec3 ti\u1ebfn b\u01b0\u1edbc. Nh\u01b0ng c\u00e1i v\u1ea5n \u0111\u1ec1 l\u00e0 c\u01a1m s\u1ed1ng hay nh\u00e3o, c\u01a1m ngon hay kh\u00e9t th\u00ec l\u1ea1i t\u00f9y thu\u1ed9c v\u00e0o k\u1ef9 n\u0103ng \"th\u01b0\u1ee3ng th\u1eeba\" c\u1ee7a b\u1ea1n. <br><br>C\u0169ng gi\u1ed1ng nh\u01b0 tr\u00ecnh \u0111\u1ed9 ti\u1ebfng Anh c\u1ee7a b\u1ea1n hi\u1ec7n t\u1ea1i - b\u1ea1n \u0111\u00e3 trang b\u1ecb \u0111\u1ee7 n\u1ec1n t\u1ea3ng v\u00e0 c\u00f4ng c\u1ee5 h\u1ecdc t\u1eadp \u0111\u1ec3 b\u1eaft \u0111\u1ea7u luy\u1ec7n t\u1eadp th\u1ef1c s\u1ef1, bi\u1ebfn t\u1eebng ki\u1ebfn th\u1ee9c r\u1eddi r\u1ea1c th\u00e0nh k\u1ef9 n\u0103ng s\u1eed d\u1ee5ng linh ho\u1ea1t. B\u1ea1n kh\u00f4ng c\u00f2n ph\u1ea3i m\u00f2 m\u1eabm, v\u1eadt l\u1ed9n trong b\u00f3ng t\u1ed1i n\u1eefa m\u00e0 \u0111\u00e3 c\u00f3 \u00e1nh s\u00e1ng d\u1eabn \u0111\u01b0\u1eddng, ch\u1ec9 c\u1ea7n ki\u00ean tr\u00ec v\u00e0 ch\u0103m ch\u1ec9 l\u00e0 s\u1ebd th\u1ea5y k\u1ebft qu\u1ea3.<br><br>H\u00e0nh tr\u00ecnh h\u1ecdc ti\u1ebfng Anh gi\u1ed1ng nh\u01b0 vi\u1ec7c n\u1ea5u c\u01a1m b\u1eb1ng c\u1ee7i c\u00f3 l\u1eeda: c\u1ea7n th\u1eddi gian, s\u1ef1 t\u1eadp trung v\u00e0 ki\u00ean nh\u1eabn \u0111\u1ec3 c\u01a1m ch\u00edn \u0111\u1ec1u, d\u1ebbo th\u01a1m. C\u00f3 th\u1ec3 s\u1ebd c\u00f2n v\u01b0\u01a1ng ch\u00fat than ch\u00e1y hay h\u1ea1t c\u01a1m ch\u01b0a ch\u00edn \u0111\u1ec1u, nh\u01b0ng \u0111\u00f3 ch\u00ednh l\u00e0 ph\u1ea7n th\u1eed th\u00e1ch, l\u00e0 tr\u1ea3i nghi\u1ec7m qu\u00fd gi\u00e1 \u0111\u1ec3 b\u1ea1n ng\u00e0y c\u00e0ng th\u00e0nh th\u1ea1o h\u01a1n. <br><br><span style=\"color: red\">\"C\u00f3 c\u00f4ng tr\u00f4ng l\u1eeda, c\u00f3 ng\u00e0y n\u00ean c\u01a1m\" - said Chi\u1ebfc T\u00e2y Valentin \ud83e\udd23<\/span><br><br>V\u1eady b\u1ea1n \u0111\u00e3 s\u1eb5n s\u00e0ng \u0111\u1ec3 nh\u00f3m b\u1ebfp, n\u1eafm ch\u1eafc tay r\u00ecu v\u00e0 \u201cn\u1ea5u\u201d cho m\u00ecnh m\u1ed9t b\u1eefa c\u01a1m ti\u1ebfng Anh \u0111\u1eadm \u0111\u00e0 h\u01b0\u01a1ng v\u1ecb ch\u01b0a? H\u00e0nh tr\u00ecnh ph\u00eda tr\u01b0\u1edbc v\u1eabn c\u00f2n d\u00e0i, nh\u01b0ng v\u1edbi l\u1eeda \u0111\u00e3 c\u00f3 trong tay, b\u1ea1n s\u1ebd kh\u00f4ng \u0111\u01a1n \u0111\u1ed9c m\u00e0 \u0111i t\u1edbi \u0111\u00edch! \ud83d\udd25\ud83c\udf3f\ud83c\udf7d\ufe0f<p><\/p><p data-start=\"947\" data-end=\"1169\" data-is-last-node=\"\" data-is-only-node=\"\"><span style=\"font-family: inherit;letter-spacing: 0px\"><\/span><\/p><\/h2>\t\t\t\t<\/div>\n\t\t\t\t<\/div>\n\t\t\t\t\t<\/div>\n\t\t\t\t<\/div>\n\t\t<div class=\"elementor-element elementor-element-561d261 e-flex e-con-boxed e-con e-parent\" data-id=\"561d261\" data-element_type=\"container\" data-settings=\"{&quot;_ha_eqh_enable&quot;:false}\">\n\t\t\t\t\t<div class=\"e-con-inner\">\n\t\t\t\t<div class=\"elementor-element elementor-element-b94d1e9 elementor-align-center elementor-widget elementor-widget-button\" data-id=\"b94d1e9\" data-element_type=\"widget\" data-widget_type=\"button.default\">\n\t\t\t\t<div class=\"elementor-widget-container\">\n\t\t\t\t\t\t\t\t\t<div class=\"elementor-button-wrapper\">\n\t\t\t\t\t<a class=\"elementor-button elementor-button-link elementor-size-sm elementor-animation-pulse-grow\" href=\"https:\/\/itstheglobalduo.com\/vi\/itsourenglishcourses-amop-comingsoon-vie\/\">\n\t\t\t\t\t\t<span class=\"elementor-button-content-wrapper\">\n\t\t\t\t\t\t\t\t\t<span class=\"elementor-button-text\">M\u00ccNH MU\u1ed0N \u0102N C\u01a0M!<\/span>\n\t\t\t\t\t<\/span>\n\t\t\t\t\t<\/a>\n\t\t\t\t<\/div>\n\t\t\t\t\t\t\t\t<\/div>\n\t\t\t\t<\/div>\n\t\t\t\t\t<\/div>\n\t\t\t\t<\/div>\n\t\t\t\t<\/div>","protected":false},"excerpt":{"rendered":"<p>\ud83d\udd25\ud83c\udf5a2C &#8211; C\u01a0M C\u1ee6I (c\u00f3 c\u1ee7i, c\u00f3 l\u1eeda) \ud83d\udfe4 B\u1ea1n b\u00e2y gi\u1edd l\u00e0 G\u1ea0O ST125 &#8211; ngon l\u00e0nh c\u00e0nh \u0111\u00e0o! \ud83c\udfc5\ud83c\udf5a B\u1ea1n kh\u00f4ng ph\u1ea3i l\u00e0 g\u1ea1o l\u1ee9t hay g\u1ea1o t\u1ea5m, m\u00e0 b\u1ea1n l\u00e0 g\u1ea1o ST125 ch\u1ea5t l\u01b0\u1ee3ng cao, \u0111\u00e3 \u0111\u01b0\u1ee3c ng\u00e2m r\u1eeda c\u1ea9n th\u1eadn, s\u1ea1ch s\u1ebd, th\u01a1m tho, s\u1eb5n s\u00e0ng cho v\u00e0o n\u1ed3i n\u1ea5u th\u00e0nh [&hellip;]<\/p>","protected":false},"author":1,"featured_media":0,"parent":0,"menu_order":0,"comment_status":"closed","ping_status":"closed","template":"","meta":{"footnotes":""},"class_list":["post-2402","page","type-page","status-publish","hentry"],"_links":{"self":[{"href":"https:\/\/itstheglobalduo.com\/vi\/wp-json\/wp\/v2\/pages\/2402","targetHints":{"allow":["GET"]}}],"collection":[{"href":"https:\/\/itstheglobalduo.com\/vi\/wp-json\/wp\/v2\/pages"}],"about":[{"href":"https:\/\/itstheglobalduo.com\/vi\/wp-json\/wp\/v2\/types\/page"}],"author":[{"embeddable":true,"href":"https:\/\/itstheglobalduo.com\/vi\/wp-json\/wp\/v2\/users\/1"}],"replies":[{"embeddable":true,"href":"https:\/\/itstheglobalduo.com\/vi\/wp-json\/wp\/v2\/comments?post=2402"}],"version-history":[{"count":16,"href":"https:\/\/itstheglobalduo.com\/vi\/wp-json\/wp\/v2\/pages\/2402\/revisions"}],"predecessor-version":[{"id":2799,"href":"https:\/\/itstheglobalduo.com\/vi\/wp-json\/wp\/v2\/pages\/2402\/revisions\/2799"}],"wp:attachment":[{"href":"https:\/\/itstheglobalduo.com\/vi\/wp-json\/wp\/v2\/media?parent=2402"}],"curies":[{"name":"wp","href":"https:\/\/api.w.org\/{rel}","templated":true}]}}