{"id":2390,"date":"2025-06-16T18:54:42","date_gmt":"2025-06-16T18:54:42","guid":{"rendered":"https:\/\/itstheglobalduo.com\/?page_id=2390"},"modified":"2025-06-23T10:47:46","modified_gmt":"2025-06-23T10:47:46","slug":"itsourenglishcourses-amop-testresult2a-vie","status":"publish","type":"page","link":"https:\/\/itstheglobalduo.com\/vi\/itsourenglishcourses-amop-testresult2a-vie\/","title":{"rendered":"English Courses AMOP TEST RESULT 2A &#8211; VIE"},"content":{"rendered":"<div data-elementor-type=\"wp-page\" data-elementor-id=\"2390\" class=\"elementor elementor-2390\" data-elementor-settings=\"{&quot;ha_cmc_init_switcher&quot;:&quot;no&quot;}\" data-elementor-post-type=\"page\">\n\t\t\t\t<div class=\"elementor-element elementor-element-21e3d55 e-flex e-con-boxed e-con e-parent\" data-id=\"21e3d55\" data-element_type=\"container\" data-e-type=\"container\" data-settings=\"{&quot;_ha_eqh_enable&quot;:false}\">\n\t\t\t\t\t<div class=\"e-con-inner\">\n\t\t\t\t<div class=\"elementor-element elementor-element-aaa6588 elementor-widget elementor-widget-image\" data-id=\"aaa6588\" data-element_type=\"widget\" data-e-type=\"widget\" data-widget_type=\"image.default\">\n\t\t\t\t<div class=\"elementor-widget-container\">\n\t\t\t\t\t\t\t\t\t\t\t\t\t\t\t<img fetchpriority=\"high\" decoding=\"async\" width=\"768\" height=\"768\" src=\"https:\/\/itstheglobalduo.com\/wp-content\/uploads\/2025\/06\/Its-OUR-COURSES-18-768x768.png\" class=\"attachment-medium_large size-medium_large wp-image-2392\" alt=\"\" srcset=\"https:\/\/itstheglobalduo.com\/wp-content\/uploads\/2025\/06\/Its-OUR-COURSES-18-768x768.png 768w, https:\/\/itstheglobalduo.com\/wp-content\/uploads\/2025\/06\/Its-OUR-COURSES-18-300x300.png 300w, https:\/\/itstheglobalduo.com\/wp-content\/uploads\/2025\/06\/Its-OUR-COURSES-18-1024x1024.png 1024w, https:\/\/itstheglobalduo.com\/wp-content\/uploads\/2025\/06\/Its-OUR-COURSES-18-150x150.png 150w, https:\/\/itstheglobalduo.com\/wp-content\/uploads\/2025\/06\/Its-OUR-COURSES-18-1536x1536.png 1536w, https:\/\/itstheglobalduo.com\/wp-content\/uploads\/2025\/06\/Its-OUR-COURSES-18-2048x2048.png 2048w, https:\/\/itstheglobalduo.com\/wp-content\/uploads\/2025\/06\/Its-OUR-COURSES-18-12x12.png 12w, https:\/\/itstheglobalduo.com\/wp-content\/uploads\/2025\/06\/Its-OUR-COURSES-18-600x600.png 600w, https:\/\/itstheglobalduo.com\/wp-content\/uploads\/2025\/06\/Its-OUR-COURSES-18-100x100.png 100w\" sizes=\"(max-width: 768px) 100vw, 768px\" \/>\t\t\t\t\t\t\t\t\t\t\t\t\t\t\t<\/div>\n\t\t\t\t<\/div>\n\t\t\t\t\t<\/div>\n\t\t\t\t<\/div>\n\t\t<div class=\"elementor-element elementor-element-dca7e96 e-flex e-con-boxed e-con e-parent\" data-id=\"dca7e96\" data-element_type=\"container\" data-e-type=\"container\" data-settings=\"{&quot;_ha_eqh_enable&quot;:false}\">\n\t\t\t\t\t<div class=\"e-con-inner\">\n\t\t\t\t<div class=\"elementor-element elementor-element-062d428 elementor-widget elementor-widget-heading\" data-id=\"062d428\" data-element_type=\"widget\" data-e-type=\"widget\" data-widget_type=\"heading.default\">\n\t\t\t\t<div class=\"elementor-widget-container\">\n\t\t\t\t\t<h2 class=\"elementor-heading-title elementor-size-default\">\ud83d\udd25\ud83c\udf5a<span style=\"color: red\">2A - C\u01a0M C\u1ee6I (kh\u00f4ng c\u1ee7i, kh\u00f4ng l\u1eeda)<\/span><br><br>B\u1ea1n kh\u00f4ng ph\u1ea3i g\u1ea1o t\u1ea5m, c\u0169ng ch\u1eb3ng ph\u1ea3i g\u1ea1o l\u1ee9t. B\u1ea1n l\u00e0 G\u1ea0O ST125 th\u01b0\u1ee3ng h\u1ea1ng - vo s\u1ea1ch, ng\u00e2m k\u1ef9, \u0111\u1ea7y \u0111\u1ee7 ti\u1ec1m n\u0103ng \u0111\u1ec3 tr\u1edf th\u00e0nh m\u1ed9t n\u1ed3i c\u01a1m th\u01a1m l\u1eebng \ud83c\udf5a\u2728<br><br>\n\nV\u00e0 b\u1ea1n bi\u1ebft m\u00ecnh mu\u1ed1n g\u00ec: m\u1ed9t n\u1ed3i c\u01a1m \u0111i\u1ec7n ti\u1ec7n l\u1ee3i, ch\u1ec9 c\u1ea7n \u1ea5n n\u00fat l\u00e0 xong. Nh\u01b0ng ti\u1ebfc thay\u2026 tr\u00ecnh \u0111\u1ed9 hi\u1ec7n t\u1ea1i ch\u01b0a cho ph\u00e9p \ud83d\ude1e<br><br>\nXung quanh b\u1ea1n ch\u1eb3ng c\u00f3 \u0111i\u1ec7n, ch\u1eb3ng c\u00f3 gas... ch\u1ec9 c\u00f3 r\u1eebng c\u00e2y b\u1ea1t ng\u00e0n v\u00e0 m\u1ed9t\u2026 chi\u1ebfc r\u00ecu c\u00f9n \ud83e\ude93\ud83c\udf33<br><br>\n\nTin vui l\u00e0: b\u1ea1n kh\u00f4ng c\u00f2n ph\u1ea3i th\u1ed5i c\u01a1m b\u1eb1ng r\u01a1m n\u1eefa! H\u1ebft c\u1ea3nh kh\u1ed5 c\u1ef1c l\u1ee5m r\u01a1m nh\u00f3m b\u1ebfp r\u1ed3i. Nh\u01b0ng \u0111i\u1ec7n v\u1edbi ga v\u1eabn l\u00e0 gi\u1ea5c m\u01a1 xa x\u1ec9.<br><br>\nTh\u1ee9 b\u1ea1n c\u00f3 l\u00e0 c\u1ee7i - sau khi b\u1ea1n t\u1ef1 tay ch\u1eb7t. V\u00e0 \u0111\u00f3 c\u0169ng ch\u00ednh l\u00e0 c\u00e1ch h\u1ecdc ti\u1ebfng Anh \u1edf giai \u0111o\u1ea1n n\u00e0y: c\u00f3 n\u1ec1n t\u1ea3ng t\u1ed1t h\u01a1n tr\u01b0\u1edbc, c\u00f3 \u0111\u1ecbnh h\u01b0\u1edbng r\u00f5 r\u00e0ng h\u01a1n, nh\u01b0ng m\u1ecdi th\u1ee9 v\u1eabn c\u1ea7n n\u1ed7 l\u1ef1c l\u1edbn t\u1eeb b\u1ea3n th\u00e2n.<br><br>\n\nB\u1ea1n ph\u1ea3i h\u1ecdc c\u00e1ch d\u00f9ng r\u00ecu, ch\u1ebb c\u1ee7i, nh\u00f3m l\u1eeda to h\u01a1n - ki\u1ebfn th\u1ee9c s\u1ebd b\u1eaft \u0111\u1ea7u \u201cn\u1eb7ng k\u00fd\u201d, \u0111\u00f2i h\u1ecfi b\u1ea1n ph\u1ea3i t\u1eadp trung, \u0111\u1ec1u \u0111\u1eb7n v\u00e0 b\u1ec1n b\u1ec9 h\u01a1n \ud83d\udd25\ud83d\udcda<br><br>\n\nChi\u1ebfc T\u00e2y \u1edf \u0111\u00e2y \u0111\u1ec3 gi\u00fap b\u1ea1n d\u00f9ng r\u00ecu kh\u00f4ng b\u1ecb m\u1ebb tay, \u0111\u1ed1t c\u1ee7i kh\u00f4ng b\u1ecb ch\u00e1y nh\u00e0, v\u00e0 quan tr\u1ecdng nh\u1ea5t l\u00e0 h\u1ecdc c\u00e1ch n\u1ea5u ra n\u1ed3i c\u01a1m Anh ng\u1eef \u0111\u1ea7u ti\u00ean c\u1ee7a ch\u00ednh m\u00ecnh - nghi\u00eam t\u00fac v\u00e0 v\u1eefng v\u00e0ng h\u01a1n bao gi\u1edd h\u1ebft \ud83d\udcaa\ud83d\ude0e<br><br>\n\nS\u1eb5n s\u00e0ng ch\u01b0a? Ch\u00fang ta v\u00e0o r\u1eebng ch\u1eb7t c\u1ee7i nh\u00e9! \ud83c\udf32\ud83e\ude93\ud83c\udf5a\n<\/h2>\t\t\t\t<\/div>\n\t\t\t\t<\/div>\n\t\t\t\t\t<\/div>\n\t\t\t\t<\/div>\n\t\t<div class=\"elementor-element elementor-element-561d261 e-flex e-con-boxed e-con e-parent\" data-id=\"561d261\" data-element_type=\"container\" data-e-type=\"container\" data-settings=\"{&quot;_ha_eqh_enable&quot;:false}\">\n\t\t\t\t\t<div class=\"e-con-inner\">\n\t\t\t\t<div class=\"elementor-element elementor-element-b94d1e9 elementor-align-center elementor-widget elementor-widget-button\" data-id=\"b94d1e9\" data-element_type=\"widget\" data-e-type=\"widget\" data-widget_type=\"button.default\">\n\t\t\t\t<div class=\"elementor-widget-container\">\n\t\t\t\t\t\t\t\t\t<div class=\"elementor-button-wrapper\">\n\t\t\t\t\t<a class=\"elementor-button elementor-button-link elementor-size-sm elementor-animation-pulse-grow\" href=\"https:\/\/itstheglobalduo.com\/vi\/itsourenglishcourses-amop-comingsoon-vie\/\">\n\t\t\t\t\t\t<span class=\"elementor-button-content-wrapper\">\n\t\t\t\t\t\t\t\t\t<span class=\"elementor-button-text\">M\u00ccNH MU\u1ed0N \u0102N C\u01a0M!<\/span>\n\t\t\t\t\t<\/span>\n\t\t\t\t\t<\/a>\n\t\t\t\t<\/div>\n\t\t\t\t\t\t\t\t<\/div>\n\t\t\t\t<\/div>\n\t\t\t\t\t<\/div>\n\t\t\t\t<\/div>\n\t\t\t\t<\/div>","protected":false},"excerpt":{"rendered":"<p>\ud83d\udd25\ud83c\udf5a2A &#8211; C\u01a0M C\u1ee6I (kh\u00f4ng c\u1ee7i, kh\u00f4ng l\u1eeda) B\u1ea1n kh\u00f4ng ph\u1ea3i g\u1ea1o t\u1ea5m, c\u0169ng ch\u1eb3ng ph\u1ea3i g\u1ea1o l\u1ee9t. B\u1ea1n l\u00e0 G\u1ea0O ST125 th\u01b0\u1ee3ng h\u1ea1ng &#8211; vo s\u1ea1ch, ng\u00e2m k\u1ef9, \u0111\u1ea7y \u0111\u1ee7 ti\u1ec1m n\u0103ng \u0111\u1ec3 tr\u1edf th\u00e0nh m\u1ed9t n\u1ed3i c\u01a1m th\u01a1m l\u1eebng \ud83c\udf5a\u2728 V\u00e0 b\u1ea1n bi\u1ebft m\u00ecnh mu\u1ed1n g\u00ec: m\u1ed9t n\u1ed3i c\u01a1m \u0111i\u1ec7n ti\u1ec7n l\u1ee3i, ch\u1ec9 [&hellip;]<\/p>","protected":false},"author":1,"featured_media":0,"parent":0,"menu_order":0,"comment_status":"closed","ping_status":"closed","template":"","meta":{"footnotes":""},"class_list":["post-2390","page","type-page","status-publish","hentry"],"_links":{"self":[{"href":"https:\/\/itstheglobalduo.com\/vi\/wp-json\/wp\/v2\/pages\/2390","targetHints":{"allow":["GET"]}}],"collection":[{"href":"https:\/\/itstheglobalduo.com\/vi\/wp-json\/wp\/v2\/pages"}],"about":[{"href":"https:\/\/itstheglobalduo.com\/vi\/wp-json\/wp\/v2\/types\/page"}],"author":[{"embeddable":true,"href":"https:\/\/itstheglobalduo.com\/vi\/wp-json\/wp\/v2\/users\/1"}],"replies":[{"embeddable":true,"href":"https:\/\/itstheglobalduo.com\/vi\/wp-json\/wp\/v2\/comments?post=2390"}],"version-history":[{"count":16,"href":"https:\/\/itstheglobalduo.com\/vi\/wp-json\/wp\/v2\/pages\/2390\/revisions"}],"predecessor-version":[{"id":2793,"href":"https:\/\/itstheglobalduo.com\/vi\/wp-json\/wp\/v2\/pages\/2390\/revisions\/2793"}],"wp:attachment":[{"href":"https:\/\/itstheglobalduo.com\/vi\/wp-json\/wp\/v2\/media?parent=2390"}],"curies":[{"name":"wp","href":"https:\/\/api.w.org\/{rel}","templated":true}]}}