{"id":2326,"date":"2025-06-16T18:21:33","date_gmt":"2025-06-16T18:21:33","guid":{"rendered":"https:\/\/itstheglobalduo.com\/?page_id=2326"},"modified":"2025-06-23T10:46:11","modified_gmt":"2025-06-23T10:46:11","slug":"itsourenglishcourses-amop-testresult0c-vie","status":"publish","type":"page","link":"https:\/\/itstheglobalduo.com\/vi\/itsourenglishcourses-amop-testresult0c-vie\/","title":{"rendered":"English Courses AMOP TEST RESULT 0C &#8211; VIE"},"content":{"rendered":"<div data-elementor-type=\"wp-page\" data-elementor-id=\"2326\" class=\"elementor elementor-2326\" data-elementor-settings=\"{&quot;ha_cmc_init_switcher&quot;:&quot;no&quot;}\" data-elementor-post-type=\"page\">\n\t\t\t\t<div class=\"elementor-element elementor-element-21e3d55 e-flex e-con-boxed e-con e-parent\" data-id=\"21e3d55\" data-element_type=\"container\" data-e-type=\"container\" data-settings=\"{&quot;_ha_eqh_enable&quot;:false}\">\n\t\t\t\t\t<div class=\"e-con-inner\">\n\t\t\t\t<div class=\"elementor-element elementor-element-aaa6588 elementor-widget elementor-widget-image\" data-id=\"aaa6588\" data-element_type=\"widget\" data-e-type=\"widget\" data-widget_type=\"image.default\">\n\t\t\t\t<div class=\"elementor-widget-container\">\n\t\t\t\t\t\t\t\t\t\t\t\t\t\t\t<img fetchpriority=\"high\" decoding=\"async\" width=\"768\" height=\"768\" src=\"https:\/\/itstheglobalduo.com\/wp-content\/uploads\/2025\/06\/Its-OUR-COURSES-15-768x768.png\" class=\"attachment-medium_large size-medium_large wp-image-2321\" alt=\"\" srcset=\"https:\/\/itstheglobalduo.com\/wp-content\/uploads\/2025\/06\/Its-OUR-COURSES-15-768x768.png 768w, https:\/\/itstheglobalduo.com\/wp-content\/uploads\/2025\/06\/Its-OUR-COURSES-15-300x300.png 300w, https:\/\/itstheglobalduo.com\/wp-content\/uploads\/2025\/06\/Its-OUR-COURSES-15-1024x1024.png 1024w, https:\/\/itstheglobalduo.com\/wp-content\/uploads\/2025\/06\/Its-OUR-COURSES-15-150x150.png 150w, https:\/\/itstheglobalduo.com\/wp-content\/uploads\/2025\/06\/Its-OUR-COURSES-15-1536x1536.png 1536w, https:\/\/itstheglobalduo.com\/wp-content\/uploads\/2025\/06\/Its-OUR-COURSES-15-2048x2048.png 2048w, https:\/\/itstheglobalduo.com\/wp-content\/uploads\/2025\/06\/Its-OUR-COURSES-15-12x12.png 12w, https:\/\/itstheglobalduo.com\/wp-content\/uploads\/2025\/06\/Its-OUR-COURSES-15-600x600.png 600w, https:\/\/itstheglobalduo.com\/wp-content\/uploads\/2025\/06\/Its-OUR-COURSES-15-100x100.png 100w\" sizes=\"(max-width: 768px) 100vw, 768px\" \/>\t\t\t\t\t\t\t\t\t\t\t\t\t\t\t<\/div>\n\t\t\t\t<\/div>\n\t\t\t\t\t<\/div>\n\t\t\t\t<\/div>\n\t\t<div class=\"elementor-element elementor-element-dca7e96 e-flex e-con-boxed e-con e-parent\" data-id=\"dca7e96\" data-element_type=\"container\" data-e-type=\"container\" data-settings=\"{&quot;_ha_eqh_enable&quot;:false}\">\n\t\t\t\t\t<div class=\"e-con-inner\">\n\t\t\t\t<div class=\"elementor-element elementor-element-062d428 elementor-widget elementor-widget-heading\" data-id=\"062d428\" data-element_type=\"widget\" data-e-type=\"widget\" data-widget_type=\"heading.default\">\n\t\t\t\t<div class=\"elementor-widget-container\">\n\t\t\t\t\t<h2 class=\"elementor-heading-title elementor-size-default\">\ud83c\udf5a<span style=\"color: red\">0C - G\u1ea0O ST125<\/span><br><br>V\u00e2ng, l\u00e0 g\u1ea1o, nh\u01b0ng g\u1ea1o th\u00ec c\u0169ng c\u00f3 d\u0103m b\u1ea3y lo\u1ea1i g\u1ea1o, c\u0169ng c\u00f3 g\u1ea1o this g\u1ea1o that ch\u1ee9, nh\u1ec9?<br><br>C\u00f2n b\u1ea1n, b\u1ea1n ch\u1eb3ng ph\u1ea3i g\u1ea1o l\u1ee9t kh\u00f4 khan, c\u0169ng ch\u1eb3ng ph\u1ea3i g\u1ea1o t\u1ea5m b\u00e9 nh\u1ecf, m\u00e0 b\u1ea1n ch\u00ednh l\u00e0 <span style=\"color: red\">G\u1ea0O ST125<\/span> - lo\u1ea1i g\u1ea1o th\u01b0\u1ee3ng h\u1ea1ng, h\u1ea1t d\u00e0i, ch\u1eafc kh\u1ecfe, th\u01a1m ngon n\u1ee9c ti\u1ebfng c\u1ea3 trong n\u01b0\u1edbc l\u1eabn qu\u1ed1c t\u1ebf \ud83c\udf3e\u2728 G\u1ea1o n\u00e0y m\u00e0 n\u1ea5u ra c\u01a1m th\u00ec \u0111\u00fang l\u00e0 \"ngon l\u00e0nh c\u00e0nh \u0111\u00e0o\", ai \u0103n c\u0169ng t\u1ea5m t\u1eafc khen! <br><br>Nh\u01b0ng\u2026 d\u00f9 l\u00e0 g\u1ea1o ngon \u0111\u1ebfn m\u1ea5y th\u00ec \u0111\u00e1ng ti\u1ebfc l\u00e0 hi\u1ec7n gi\u1edd, b\u1ea1n v\u1eabn \u0111ang l\u00e0 g\u1ea1o... s\u1ed1ng \ud83c\udf5a <br><br>C\u0169ng nh\u01b0 tr\u00ecnh \u0111\u1ed9 ti\u1ebfng Anh c\u1ee7a b\u1ea1n l\u00fac n\u00e0y - c\u00f3 ti\u1ec1m n\u0103ng r\u00f5 r\u00e0ng, n\u1ec1n t\u1ea3ng t\u1ed1t, nh\u01b0ng ch\u01b0a \u0111\u01b0\u1ee3c \"ch\u1ebf bi\u1ebfn\", ch\u01b0a s\u1eed d\u1ee5ng tr\u01a1n tru, ch\u01b0a th\u1ec3 mang \u0111i \"chi\u00eau \u0111\u00e3i\" ai c\u1ea3 \ud83d\udcda\ud83d\ude05<br><br>\nGi\u1ed1ng nh\u01b0 g\u1ea1o ST125 c\u1ea7n ph\u1ea3i vo, ng\u00e2m, b\u1eafc n\u1ed3i, nh\u00f3m l\u1eeda\u2026 m\u1edbi th\u00e0nh c\u01a1m d\u1ebbo c\u01a1m th\u01a1m, b\u1ea1n c\u0169ng s\u1ebd c\u1ea7n th\u1eddi gian, c\u00f4ng s\u1ee9c, v\u00e0 m\u1ed9t qu\u00e1 tr\u00ecnh luy\u1ec7n t\u1eadp b\u00e0i b\u1ea3n \u0111\u1ec3 b\u1eadt ra c\u00e2u n\u00f3i tr\u00f4i ch\u1ea3y \ud83d\udcaa<br><br>\ud83d\udd25Ch\u1eb7ng \u0111\u01b0\u1eddng ph\u00eda tr\u01b0\u1edbc v\u1eabn c\u00f2n d\u00e0i \u2013 <span style=\"color: red\">\"C\u00f3 c\u00f4ng vo g\u1ea1o, c\u00f3 ng\u00e0y n\u00ean c\u01a1m\" - said Chi\u1ebfc T\u00e2y Valentin <\/span>\ud83e\udd23 m\u00e0 \ud83d\ude0c <br><br>Gi\u1edd th\u00ec chu\u1ea9n b\u1ecb \u0111i nh\u00e9: g\u1ea1o \u0111\u00e3 s\u1eb5n, gi\u1edd l\u00e0 l\u00fac b\u1eaft tay v\u00e0o h\u00e0nh tr\u00ecnh n\u1ea5u n\u01b0\u1edbng th\u1eadt r\u1ed3i! \ud83c\udf7d\ufe0f\ud83d\udc69\u200d\ud83c\udf73\ud83d\udc68\u200d\ud83c\udf73 Mu\u1ed1n \u0103n c\u01a1m ngon th\u00ec ph\u1ea3i bi\u1ebft N\u1ea4U, ch\u1ee9 m\u00e0 c\u1ee9 ng\u1ed3i \"h\u00e1 mi\u1ec7ng ch\u1edd... C\u01a0M\" th\u00ec t\u1edbi m\u00f9a qu\u00fdt m\u1ea5y ch\u1ee5c n\u0103m sau c\u0169ng kh\u00f4ng bi\u1ebft n\u00f3i ti\u1ebfng Anh \u0111\u00e2u n\u00e0y! <br><br>\n\n\u0102n c\u01a1m kh\u00f4ng n\u00e0o? \ud83c\udf5a\ud83e\udef6<\/h2>\t\t\t\t<\/div>\n\t\t\t\t<\/div>\n\t\t\t\t\t<\/div>\n\t\t\t\t<\/div>\n\t\t<div class=\"elementor-element elementor-element-561d261 e-flex e-con-boxed e-con e-parent\" data-id=\"561d261\" data-element_type=\"container\" data-e-type=\"container\" data-settings=\"{&quot;_ha_eqh_enable&quot;:false}\">\n\t\t\t\t\t<div class=\"e-con-inner\">\n\t\t\t\t<div class=\"elementor-element elementor-element-b94d1e9 elementor-align-center elementor-widget elementor-widget-button\" data-id=\"b94d1e9\" data-element_type=\"widget\" data-e-type=\"widget\" data-widget_type=\"button.default\">\n\t\t\t\t<div class=\"elementor-widget-container\">\n\t\t\t\t\t\t\t\t\t<div class=\"elementor-button-wrapper\">\n\t\t\t\t\t<a class=\"elementor-button elementor-button-link elementor-size-sm elementor-animation-pulse-grow\" href=\"https:\/\/itstheglobalduo.com\/vi\/itsourenglishcourses-amop-comingsoon-vie\/\">\n\t\t\t\t\t\t<span class=\"elementor-button-content-wrapper\">\n\t\t\t\t\t\t\t\t\t<span class=\"elementor-button-text\">M\u00ccNH MU\u1ed0N \u0102N C\u01a0M!<\/span>\n\t\t\t\t\t<\/span>\n\t\t\t\t\t<\/a>\n\t\t\t\t<\/div>\n\t\t\t\t\t\t\t\t<\/div>\n\t\t\t\t<\/div>\n\t\t\t\t\t<\/div>\n\t\t\t\t<\/div>\n\t\t\t\t<\/div>","protected":false},"excerpt":{"rendered":"<p>\ud83c\udf5a0C &#8211; G\u1ea0O ST125 V\u00e2ng, l\u00e0 g\u1ea1o, nh\u01b0ng g\u1ea1o th\u00ec c\u0169ng c\u00f3 d\u0103m b\u1ea3y lo\u1ea1i g\u1ea1o, c\u0169ng c\u00f3 g\u1ea1o this g\u1ea1o that ch\u1ee9, nh\u1ec9? C\u00f2n b\u1ea1n, b\u1ea1n ch\u1eb3ng ph\u1ea3i g\u1ea1o l\u1ee9t kh\u00f4 khan, c\u0169ng ch\u1eb3ng ph\u1ea3i g\u1ea1o t\u1ea5m b\u00e9 nh\u1ecf, m\u00e0 b\u1ea1n ch\u00ednh l\u00e0 G\u1ea0O ST125 &#8211; lo\u1ea1i g\u1ea1o th\u01b0\u1ee3ng h\u1ea1ng, h\u1ea1t d\u00e0i, ch\u1eafc kh\u1ecfe, [&hellip;]<\/p>","protected":false},"author":1,"featured_media":0,"parent":0,"menu_order":0,"comment_status":"closed","ping_status":"closed","template":"","meta":{"footnotes":""},"class_list":["post-2326","page","type-page","status-publish","hentry"],"_links":{"self":[{"href":"https:\/\/itstheglobalduo.com\/vi\/wp-json\/wp\/v2\/pages\/2326","targetHints":{"allow":["GET"]}}],"collection":[{"href":"https:\/\/itstheglobalduo.com\/vi\/wp-json\/wp\/v2\/pages"}],"about":[{"href":"https:\/\/itstheglobalduo.com\/vi\/wp-json\/wp\/v2\/types\/page"}],"author":[{"embeddable":true,"href":"https:\/\/itstheglobalduo.com\/vi\/wp-json\/wp\/v2\/users\/1"}],"replies":[{"embeddable":true,"href":"https:\/\/itstheglobalduo.com\/vi\/wp-json\/wp\/v2\/comments?post=2326"}],"version-history":[{"count":19,"href":"https:\/\/itstheglobalduo.com\/vi\/wp-json\/wp\/v2\/pages\/2326\/revisions"}],"predecessor-version":[{"id":2781,"href":"https:\/\/itstheglobalduo.com\/vi\/wp-json\/wp\/v2\/pages\/2326\/revisions\/2781"}],"wp:attachment":[{"href":"https:\/\/itstheglobalduo.com\/vi\/wp-json\/wp\/v2\/media?parent=2326"}],"curies":[{"name":"wp","href":"https:\/\/api.w.org\/{rel}","templated":true}]}}