{"id":2325,"date":"2025-06-16T18:18:46","date_gmt":"2025-06-16T18:18:46","guid":{"rendered":"https:\/\/itstheglobalduo.com\/?page_id=2325"},"modified":"2025-06-23T10:45:45","modified_gmt":"2025-06-23T10:45:45","slug":"itsourenglishcourses-amop-testresult0b-vie","status":"publish","type":"page","link":"https:\/\/itstheglobalduo.com\/vi\/itsourenglishcourses-amop-testresult0b-vie\/","title":{"rendered":"English Courses AMOP TEST RESULT 0B &#8211; VIE"},"content":{"rendered":"<div data-elementor-type=\"wp-page\" data-elementor-id=\"2325\" class=\"elementor elementor-2325\" data-elementor-settings=\"{&quot;ha_cmc_init_switcher&quot;:&quot;no&quot;}\" data-elementor-post-type=\"page\">\n\t\t\t\t<div class=\"elementor-element elementor-element-21e3d55 e-flex e-con-boxed e-con e-parent\" data-id=\"21e3d55\" data-element_type=\"container\" data-e-type=\"container\" data-settings=\"{&quot;_ha_eqh_enable&quot;:false}\">\n\t\t\t\t\t<div class=\"e-con-inner\">\n\t\t\t\t<div class=\"elementor-element elementor-element-aaa6588 elementor-widget elementor-widget-image\" data-id=\"aaa6588\" data-element_type=\"widget\" data-e-type=\"widget\" data-widget_type=\"image.default\">\n\t\t\t\t<div class=\"elementor-widget-container\">\n\t\t\t\t\t\t\t\t\t\t\t\t\t\t\t<img fetchpriority=\"high\" decoding=\"async\" width=\"768\" height=\"768\" src=\"https:\/\/itstheglobalduo.com\/wp-content\/uploads\/2025\/06\/Its-OUR-COURSES-15-768x768.png\" class=\"attachment-medium_large size-medium_large wp-image-2321\" alt=\"\" srcset=\"https:\/\/itstheglobalduo.com\/wp-content\/uploads\/2025\/06\/Its-OUR-COURSES-15-768x768.png 768w, https:\/\/itstheglobalduo.com\/wp-content\/uploads\/2025\/06\/Its-OUR-COURSES-15-300x300.png 300w, https:\/\/itstheglobalduo.com\/wp-content\/uploads\/2025\/06\/Its-OUR-COURSES-15-1024x1024.png 1024w, https:\/\/itstheglobalduo.com\/wp-content\/uploads\/2025\/06\/Its-OUR-COURSES-15-150x150.png 150w, https:\/\/itstheglobalduo.com\/wp-content\/uploads\/2025\/06\/Its-OUR-COURSES-15-1536x1536.png 1536w, https:\/\/itstheglobalduo.com\/wp-content\/uploads\/2025\/06\/Its-OUR-COURSES-15-2048x2048.png 2048w, https:\/\/itstheglobalduo.com\/wp-content\/uploads\/2025\/06\/Its-OUR-COURSES-15-12x12.png 12w, https:\/\/itstheglobalduo.com\/wp-content\/uploads\/2025\/06\/Its-OUR-COURSES-15-600x600.png 600w, https:\/\/itstheglobalduo.com\/wp-content\/uploads\/2025\/06\/Its-OUR-COURSES-15-100x100.png 100w\" sizes=\"(max-width: 768px) 100vw, 768px\" \/>\t\t\t\t\t\t\t\t\t\t\t\t\t\t\t<\/div>\n\t\t\t\t<\/div>\n\t\t\t\t\t<\/div>\n\t\t\t\t<\/div>\n\t\t<div class=\"elementor-element elementor-element-dca7e96 e-flex e-con-boxed e-con e-parent\" data-id=\"dca7e96\" data-element_type=\"container\" data-e-type=\"container\" data-settings=\"{&quot;_ha_eqh_enable&quot;:false}\">\n\t\t\t\t\t<div class=\"e-con-inner\">\n\t\t\t\t<div class=\"elementor-element elementor-element-062d428 elementor-widget elementor-widget-heading\" data-id=\"062d428\" data-element_type=\"widget\" data-e-type=\"widget\" data-widget_type=\"heading.default\">\n\t\t\t\t<div class=\"elementor-widget-container\">\n\t\t\t\t\t<h2 class=\"elementor-heading-title elementor-size-default\">\ud83c\udf5a<span style=\"color: red\">0B - G\u1ea0O T\u1ea4M<\/span><br><br>V\u00e2ng, l\u00e0 g\u1ea1o \u2013 nh\u01b0ng g\u1ea1o th\u00ec c\u0169ng chia ba b\u1ea3y \u0111\u01b0\u1eddng, h\u1ea1t x\u1ecbn, h\u1ea1t th\u01b0\u1eddng, h\u1ea1t nguy\u00ean, h\u1ea1t t\u1ea5m! \ud83c\udf5a<br><br>C\u00f2n b\u1ea1n, hi\u1ec7n t\u1ea1i b\u1ea1n \u0111ang l\u00e0 g\u1ea1o t\u1ea5m - lo\u1ea1i g\u1ea1o nh\u1ecf b\u00e9, m\u1ea3nh m\u1ea3nh, kh\u00f4ng h\u1ec1 \u0111\u1eaft \u0111\u1ecf v\u00e0 c\u1ef1c k\u1ef3 th\u00e2n quen v\u00e0 \u0111\u01b0\u1ee3c l\u00f2ng ng\u01b0\u1eddi Vi\u1ec7t\ud83d\udc9b Kh\u00f4ng c\u1ea7n ph\u1ea3i cao sang quy\u1ec1n qu\u00fd nh\u01b0 g\u1ea1o ST125, b\u1ea1n v\u1eabn c\u00f3 th\u1ec3 bi\u1ebfn h\u00ecnh th\u00e0nh m\u1ed9t trong nh\u1eefng m\u00f3n \u0103n qu\u1ed1c d\u00e2n: <span style=\"color: red\">c\u01a1m t\u1ea5m s\u01b0\u1eddn tr\u1ee9ng b\u00ec ch\u1ea3<\/span> \u2013 huy\u1ec1n tho\u1ea1i gi\u1eefa l\u00f2ng S\u00e0i G\u00f2n hoa l\u1ec7! \ud83c\udf56\ud83c\udf73\ud83e\udd57<br><br>\nC\u0169ng gi\u1ed1ng nh\u01b0 tr\u00ecnh \u0111\u1ed9 ti\u1ebfng Anh c\u1ee7a b\u1ea1n hi\u1ec7n gi\u1edd - ch\u01b0a \u0111\u1ee7 \u0111\u1ec3 n\u1edf hoa \ud83c\udf31  nh\u01b0ng \u0111\u00e3 b\u1eaft \u0111\u1ea7u c\u00f3 h\u00ecnh, c\u00f3 d\u1ea1ng. B\u1ea1n hi\u1ec3u \u0111\u01b0\u1ee3c v\u00e0i c\u00e2u, n\u00f3i \u0111\u01b0\u1ee3c v\u00e0i ch\u1eef, \u0111\u1ecdc th\u00ec l\u1edd m\u1edd nh\u01b0ng c\u00f2n l\u00e2u m\u1edbi l\u1ea1c \u0111\u01b0\u1eddng \ud83d\udcd8\ud83d\udde3\ufe0f<br><br> Tuy nhi\u00ean, ch\u1eb7ng \u0111\u01b0\u1eddng ph\u00eda tr\u01b0\u1edbc v\u1eabn c\u00f2n nhi\u1ec1u th\u1ee9 ph\u1ea3i l\u00e0m: ph\u1ea3i vo g\u1ea1o, nh\u00f3m l\u1eeda, b\u1eafc n\u1ed3i, ng\u1ed3i ch\u1edd -  n\u00f3i chung l\u00e0 mu\u1ed1n \u0103n ngon th\u00ec ph\u1ea3i ch\u1ecbu kh\u00f3, mu\u1ed1n giao ti\u1ebfp m\u01b0\u1ee3t m\u00e0 th\u00ec ph\u1ea3i b\u1ecf th\u1eddi gian luy\u1ec7n t\u1eadp \ud83d\udca6\ud83d\udd25\ud83c\udf72 <br><br><span style=\"color: red\">\"C\u00f3 c\u00f4ng vo g\u1ea1o, c\u00f3 ng\u00e0y n\u00ean c\u01a1m\" - said Chi\u1ebfc T\u00e2y Valentin<\/span>\ud83e\udd23 - n\u00ean c\u1ee9 t\u1eeb t\u1eeb, m\u1ed7i b\u01b0\u1edbc nh\u1ecf \u0111\u1ec1u t\u00ednh l\u00e0 ti\u1ebfn b\u1ed9.<br><br> B\u1ea1n \u0111\u00e3 s\u1eb5n s\u00e0ng b\u1ed1c h\u01a1i v\u00e0o n\u1ed3i ch\u01b0a? \ud83c\udf5a\ud83d\udd25<\/h2>\t\t\t\t<\/div>\n\t\t\t\t<\/div>\n\t\t\t\t\t<\/div>\n\t\t\t\t<\/div>\n\t\t<div class=\"elementor-element elementor-element-561d261 e-flex e-con-boxed e-con e-parent\" data-id=\"561d261\" data-element_type=\"container\" data-e-type=\"container\" data-settings=\"{&quot;_ha_eqh_enable&quot;:false}\">\n\t\t\t\t\t<div class=\"e-con-inner\">\n\t\t\t\t<div class=\"elementor-element elementor-element-b94d1e9 elementor-align-center elementor-widget elementor-widget-button\" data-id=\"b94d1e9\" data-element_type=\"widget\" data-e-type=\"widget\" data-widget_type=\"button.default\">\n\t\t\t\t<div class=\"elementor-widget-container\">\n\t\t\t\t\t\t\t\t\t<div class=\"elementor-button-wrapper\">\n\t\t\t\t\t<a class=\"elementor-button elementor-button-link elementor-size-sm elementor-animation-pulse-grow\" href=\"https:\/\/itstheglobalduo.com\/vi\/itsourenglishcourses-amop-comingsoon-vie\/\">\n\t\t\t\t\t\t<span class=\"elementor-button-content-wrapper\">\n\t\t\t\t\t\t\t\t\t<span class=\"elementor-button-text\">M\u00ccNH MU\u1ed0N \u0102N C\u01a0M!<\/span>\n\t\t\t\t\t<\/span>\n\t\t\t\t\t<\/a>\n\t\t\t\t<\/div>\n\t\t\t\t\t\t\t\t<\/div>\n\t\t\t\t<\/div>\n\t\t\t\t\t<\/div>\n\t\t\t\t<\/div>\n\t\t\t\t<\/div>","protected":false},"excerpt":{"rendered":"<p>\ud83c\udf5a0B &#8211; G\u1ea0O T\u1ea4M V\u00e2ng, l\u00e0 g\u1ea1o \u2013 nh\u01b0ng g\u1ea1o th\u00ec c\u0169ng chia ba b\u1ea3y \u0111\u01b0\u1eddng, h\u1ea1t x\u1ecbn, h\u1ea1t th\u01b0\u1eddng, h\u1ea1t nguy\u00ean, h\u1ea1t t\u1ea5m! \ud83c\udf5a C\u00f2n b\u1ea1n, hi\u1ec7n t\u1ea1i b\u1ea1n \u0111ang l\u00e0 g\u1ea1o t\u1ea5m &#8211; lo\u1ea1i g\u1ea1o nh\u1ecf b\u00e9, m\u1ea3nh m\u1ea3nh, kh\u00f4ng h\u1ec1 \u0111\u1eaft \u0111\u1ecf v\u00e0 c\u1ef1c k\u1ef3 th\u00e2n quen v\u00e0 \u0111\u01b0\u1ee3c l\u00f2ng ng\u01b0\u1eddi Vi\u1ec7t\ud83d\udc9b [&hellip;]<\/p>","protected":false},"author":1,"featured_media":0,"parent":0,"menu_order":0,"comment_status":"closed","ping_status":"closed","template":"","meta":{"footnotes":""},"class_list":["post-2325","page","type-page","status-publish","hentry"],"_links":{"self":[{"href":"https:\/\/itstheglobalduo.com\/vi\/wp-json\/wp\/v2\/pages\/2325","targetHints":{"allow":["GET"]}}],"collection":[{"href":"https:\/\/itstheglobalduo.com\/vi\/wp-json\/wp\/v2\/pages"}],"about":[{"href":"https:\/\/itstheglobalduo.com\/vi\/wp-json\/wp\/v2\/types\/page"}],"author":[{"embeddable":true,"href":"https:\/\/itstheglobalduo.com\/vi\/wp-json\/wp\/v2\/users\/1"}],"replies":[{"embeddable":true,"href":"https:\/\/itstheglobalduo.com\/vi\/wp-json\/wp\/v2\/comments?post=2325"}],"version-history":[{"count":22,"href":"https:\/\/itstheglobalduo.com\/vi\/wp-json\/wp\/v2\/pages\/2325\/revisions"}],"predecessor-version":[{"id":2778,"href":"https:\/\/itstheglobalduo.com\/vi\/wp-json\/wp\/v2\/pages\/2325\/revisions\/2778"}],"wp:attachment":[{"href":"https:\/\/itstheglobalduo.com\/vi\/wp-json\/wp\/v2\/media?parent=2325"}],"curies":[{"name":"wp","href":"https:\/\/api.w.org\/{rel}","templated":true}]}}