{"id":2160,"date":"2025-06-15T15:57:23","date_gmt":"2025-06-15T15:57:23","guid":{"rendered":"https:\/\/itstheglobalduo.com\/?page_id=2160"},"modified":"2025-06-23T08:28:27","modified_gmt":"2025-06-23T08:28:27","slug":"itsourenglishcourses-amop-comingsoon-vie","status":"publish","type":"page","link":"https:\/\/itstheglobalduo.com\/vi\/itsourenglishcourses-amop-comingsoon-vie\/","title":{"rendered":"English Courses &#8211; AMOP COMING SOON &#8211;  VIE"},"content":{"rendered":"<div data-elementor-type=\"wp-page\" data-elementor-id=\"2160\" class=\"elementor elementor-2160\" data-elementor-settings=\"{&quot;ha_cmc_init_switcher&quot;:&quot;no&quot;}\" data-elementor-post-type=\"page\">\n\t\t\t\t<div class=\"elementor-element elementor-element-60f6fb6 e-flex e-con-boxed e-con e-parent\" data-id=\"60f6fb6\" data-element_type=\"container\" data-settings=\"{&quot;_ha_eqh_enable&quot;:false}\">\n\t\t\t\t\t<div class=\"e-con-inner\">\n\t\t<div class=\"elementor-element elementor-element-e8f0d8d e-con-full e-flex e-con e-child\" data-id=\"e8f0d8d\" data-element_type=\"container\" data-settings=\"{&quot;_ha_eqh_enable&quot;:false}\">\n\t\t\t\t<div class=\"elementor-element elementor-element-43fe8c5 elementor-widget elementor-widget-image\" data-id=\"43fe8c5\" data-element_type=\"widget\" data-widget_type=\"image.default\">\n\t\t\t\t<div class=\"elementor-widget-container\">\n\t\t\t\t\t\t\t\t\t\t\t\t\t\t\t<img fetchpriority=\"high\" decoding=\"async\" width=\"800\" height=\"800\" src=\"https:\/\/itstheglobalduo.com\/wp-content\/uploads\/2025\/06\/Its-OUR-COURSES-26-1024x1024.png\" class=\"attachment-large size-large wp-image-2752\" alt=\"\" srcset=\"https:\/\/itstheglobalduo.com\/wp-content\/uploads\/2025\/06\/Its-OUR-COURSES-26-1024x1024.png 1024w, https:\/\/itstheglobalduo.com\/wp-content\/uploads\/2025\/06\/Its-OUR-COURSES-26-300x300.png 300w, https:\/\/itstheglobalduo.com\/wp-content\/uploads\/2025\/06\/Its-OUR-COURSES-26-150x150.png 150w, https:\/\/itstheglobalduo.com\/wp-content\/uploads\/2025\/06\/Its-OUR-COURSES-26-768x768.png 768w, https:\/\/itstheglobalduo.com\/wp-content\/uploads\/2025\/06\/Its-OUR-COURSES-26-1536x1536.png 1536w, https:\/\/itstheglobalduo.com\/wp-content\/uploads\/2025\/06\/Its-OUR-COURSES-26-2048x2048.png 2048w, https:\/\/itstheglobalduo.com\/wp-content\/uploads\/2025\/06\/Its-OUR-COURSES-26-12x12.png 12w, https:\/\/itstheglobalduo.com\/wp-content\/uploads\/2025\/06\/Its-OUR-COURSES-26-600x600.png 600w, https:\/\/itstheglobalduo.com\/wp-content\/uploads\/2025\/06\/Its-OUR-COURSES-26-100x100.png 100w\" sizes=\"(max-width: 800px) 100vw, 800px\" \/>\t\t\t\t\t\t\t\t\t\t\t\t\t\t\t<\/div>\n\t\t\t\t<\/div>\n\t\t\t\t<\/div>\n\t\t<div class=\"elementor-element elementor-element-cc04f48 e-con-full e-flex e-con e-child\" data-id=\"cc04f48\" data-element_type=\"container\" data-settings=\"{&quot;_ha_eqh_enable&quot;:false}\">\n\t\t\t\t<div class=\"elementor-element elementor-element-538644b elementor-widget elementor-widget-heading\" data-id=\"538644b\" data-element_type=\"widget\" data-widget_type=\"heading.default\">\n\t\t\t\t<div class=\"elementor-widget-container\">\n\t\t\t\t\t<h2 class=\"elementor-heading-title elementor-size-default\"><b><span style=\"color: red\">Yooo c\u1ea3m \u01a1n b\u1ea1n \u0111\u00e3 chi\u1ebfn t\u1edbi t\u1eadn \u0111\u00e2y \ud83d\ude0e N\u1ec3 l\u1eafm lu\u00f4n \u00e1!<\/span><br><br>\n\nTin h\u01a1i b\u1ecb bu\u1ed3n: Kh\u00f3a h\u1ecdc n\u00e0y ch\u01b0a m\u1edf \u0111\u00e2u \ud83e\udd79<br><br>\nTin kh\u00e1 l\u00e0 vui: C\u01a1 m\u00e0 kh\u00f3a h\u1ecdc s\u1eafp \"tr\u00ecnh l\u00e0ng\" r\u1ed3i v\u00e0 s\u1ebd ch\u00e1y ph\u1eebng ph\u1eebng lu\u00f4n \u0111\u00f3 nh\u00e1! \ud83d\udd25\ud83d\udd25\ud83d\udd25<br><br>\n\nCanh email\/s\u1ed1 \u0111i\u1ec7n tho\u1ea1i b\u1ea1n d\u00f9ng l\u00fac l\u00e0m b\u00e0i test nha \u2013 m\u1edf \u0111\u0103ng k\u00fd ph\u00e1t l\u00e0 t\u1ee5i m\u00ecnh g\u1eedi link li\u1ec1n \ud83d\udc40<br><br>\n\nH\u1ee9a lu\u00f4n: \u0110\u00e1ng ch\u1edd l\u1eafm \u0111\u00f3 \ud83d\ude0c <br><br>\n\n\ud83d\udca5Nh\u1edb quay l\u1ea1i nha, chi\u1ebfn th\u1ea7n ti\u1ebfng Anh c\u1ee7a tui! \ud83d\udc9b<\/b><\/h2>\t\t\t\t<\/div>\n\t\t\t\t<\/div>\n\t\t\t\t<\/div>\n\t\t\t\t\t<\/div>\n\t\t\t\t<\/div>\n\t\t\t\t<\/div>","protected":false},"excerpt":{"rendered":"<p>Yooo c\u1ea3m \u01a1n b\u1ea1n \u0111\u00e3 chi\u1ebfn t\u1edbi t\u1eadn \u0111\u00e2y \ud83d\ude0e N\u1ec3 l\u1eafm lu\u00f4n \u00e1! Tin h\u01a1i b\u1ecb bu\u1ed3n: Kh\u00f3a h\u1ecdc n\u00e0y ch\u01b0a m\u1edf \u0111\u00e2u \ud83e\udd79 Tin kh\u00e1 l\u00e0 vui: C\u01a1 m\u00e0 kh\u00f3a h\u1ecdc s\u1eafp &#8220;tr\u00ecnh l\u00e0ng&#8221; r\u1ed3i v\u00e0 s\u1ebd ch\u00e1y ph\u1eebng ph\u1eebng lu\u00f4n \u0111\u00f3 nh\u00e1! \ud83d\udd25\ud83d\udd25\ud83d\udd25 Canh email\/s\u1ed1 \u0111i\u1ec7n tho\u1ea1i b\u1ea1n d\u00f9ng l\u00fac l\u00e0m b\u00e0i [&hellip;]<\/p>","protected":false},"author":1,"featured_media":0,"parent":0,"menu_order":0,"comment_status":"closed","ping_status":"closed","template":"","meta":{"footnotes":""},"class_list":["post-2160","page","type-page","status-publish","hentry"],"_links":{"self":[{"href":"https:\/\/itstheglobalduo.com\/vi\/wp-json\/wp\/v2\/pages\/2160","targetHints":{"allow":["GET"]}}],"collection":[{"href":"https:\/\/itstheglobalduo.com\/vi\/wp-json\/wp\/v2\/pages"}],"about":[{"href":"https:\/\/itstheglobalduo.com\/vi\/wp-json\/wp\/v2\/types\/page"}],"author":[{"embeddable":true,"href":"https:\/\/itstheglobalduo.com\/vi\/wp-json\/wp\/v2\/users\/1"}],"replies":[{"embeddable":true,"href":"https:\/\/itstheglobalduo.com\/vi\/wp-json\/wp\/v2\/comments?post=2160"}],"version-history":[{"count":14,"href":"https:\/\/itstheglobalduo.com\/vi\/wp-json\/wp\/v2\/pages\/2160\/revisions"}],"predecessor-version":[{"id":2762,"href":"https:\/\/itstheglobalduo.com\/vi\/wp-json\/wp\/v2\/pages\/2160\/revisions\/2762"}],"wp:attachment":[{"href":"https:\/\/itstheglobalduo.com\/vi\/wp-json\/wp\/v2\/media?parent=2160"}],"curies":[{"name":"wp","href":"https:\/\/api.w.org\/{rel}","templated":true}]}}