{"id":1065,"date":"2025-02-13T08:10:25","date_gmt":"2025-02-13T08:10:25","guid":{"rendered":"https:\/\/itstheglobalduo.com\/?page_id=1065"},"modified":"2025-06-13T08:12:16","modified_gmt":"2025-06-13T08:12:16","slug":"itsourenglishcourses-olo-submission-vie","status":"publish","type":"page","link":"https:\/\/itstheglobalduo.com\/vi\/itsourenglishcourses-olo-submission-vie\/","title":{"rendered":"English Courses OLO Submission Successful &#8211; VIE"},"content":{"rendered":"<div data-elementor-type=\"wp-page\" data-elementor-id=\"1065\" class=\"elementor elementor-1065\" data-elementor-settings=\"{&quot;ha_cmc_init_switcher&quot;:&quot;no&quot;}\" data-elementor-post-type=\"page\">\n\t\t\t\t<div class=\"elementor-element elementor-element-a480b45 e-flex e-con-boxed e-con e-parent\" data-id=\"a480b45\" data-element_type=\"container\" data-settings=\"{&quot;_ha_eqh_enable&quot;:false}\">\n\t\t\t\t\t<div class=\"e-con-inner\">\n\t\t<div class=\"elementor-element elementor-element-85544f9 e-con-full e-flex e-con e-child\" data-id=\"85544f9\" data-element_type=\"container\" data-settings=\"{&quot;_ha_eqh_enable&quot;:false}\">\n\t\t\t\t<div class=\"elementor-element elementor-element-6eaa912 elementor-widget elementor-widget-image\" data-id=\"6eaa912\" data-element_type=\"widget\" data-widget_type=\"image.default\">\n\t\t\t\t<div class=\"elementor-widget-container\">\n\t\t\t\t\t\t\t\t\t\t\t\t\t\t\t<img fetchpriority=\"high\" decoding=\"async\" width=\"800\" height=\"800\" src=\"https:\/\/itstheglobalduo.com\/wp-content\/uploads\/2025\/06\/Its-OUR-COURSES-10-1024x1024.png\" class=\"attachment-large size-large wp-image-1876\" alt=\"\" srcset=\"https:\/\/itstheglobalduo.com\/wp-content\/uploads\/2025\/06\/Its-OUR-COURSES-10-1024x1024.png 1024w, https:\/\/itstheglobalduo.com\/wp-content\/uploads\/2025\/06\/Its-OUR-COURSES-10-300x300.png 300w, https:\/\/itstheglobalduo.com\/wp-content\/uploads\/2025\/06\/Its-OUR-COURSES-10-150x150.png 150w, https:\/\/itstheglobalduo.com\/wp-content\/uploads\/2025\/06\/Its-OUR-COURSES-10-768x768.png 768w, https:\/\/itstheglobalduo.com\/wp-content\/uploads\/2025\/06\/Its-OUR-COURSES-10-1536x1536.png 1536w, https:\/\/itstheglobalduo.com\/wp-content\/uploads\/2025\/06\/Its-OUR-COURSES-10-2048x2048.png 2048w, https:\/\/itstheglobalduo.com\/wp-content\/uploads\/2025\/06\/Its-OUR-COURSES-10-12x12.png 12w, https:\/\/itstheglobalduo.com\/wp-content\/uploads\/2025\/06\/Its-OUR-COURSES-10-600x600.png 600w, https:\/\/itstheglobalduo.com\/wp-content\/uploads\/2025\/06\/Its-OUR-COURSES-10-100x100.png 100w\" sizes=\"(max-width: 800px) 100vw, 800px\" \/>\t\t\t\t\t\t\t\t\t\t\t\t\t\t\t<\/div>\n\t\t\t\t<\/div>\n\t\t\t\t<\/div>\n\t\t<div class=\"elementor-element elementor-element-4aa4fad e-con-full e-flex e-con e-child\" data-id=\"4aa4fad\" data-element_type=\"container\" data-settings=\"{&quot;_ha_eqh_enable&quot;:false}\">\n\t\t\t\t<div class=\"elementor-element elementor-element-441852e ha-has-bg-overlay elementor-widget elementor-widget-heading\" data-id=\"441852e\" data-element_type=\"widget\" data-widget_type=\"heading.default\">\n\t\t\t\t<div class=\"elementor-widget-container\">\n\t\t\t\t\t<h2 class=\"elementor-heading-title elementor-size-default\">XONG XU\u00d4I H\u1ebeT R\u1ed2I \u0110\u00d3 NHAAAA! \ud83d\udcaf\u2705<br><br>\n\u270c\ufe0fG\u1ea7n l\u00ean tr\u00ecnh \u201cnh\u1eabn gi\u1ea3 ng\u00f4n ng\u1eef\u201d \ud83e\udd77 r\u1ed3i \u0111\u00f3ooo, n\u00ean \u0111\u1eebng ng\u1ea1c nhi\u00ean n\u1ebfu t\u1ef1 nhi\u00ean th\u1ea5y m\u00ecnh n\u00f3i ti\u1ebfng Anh m\u01b0\u1ee3t nh\u01b0 b\u01a1 \ud83e\udd51<br><br>\ud83d\udc68\u200d\ud83c\udfebChi\u1ebfc T\u00e2y Valentin s\u1ebd \u0111\u00edch th\u00e2n ng\u1ed3i nh\u00e2m nhi c\u00e0 ph\u00ea v\u00e0 ch\u1ea5m b\u00e0i cho b\u1ea1n \u2013 k\u1ef9 nh\u01b0 soi bill \u0111i\u1ec7n n\u01b0\u1edbc cu\u1ed1i th\u00e1ng \u2615\ud83d\udcc4\u2728<br><br>\ud83d\udca5Th\u00f4ng tin v\u1ec1 l\u1edbp h\u1ecdc ph\u00f9 h\u1ee3p, l\u1ecbch h\u1ecdc, v\u00e0 c\u00e1ch tham gia s\u1ebd \u0111\u01b0\u1ee3c g\u1eedi th\u1eb3ng v\u00e0o email b\u1ea1n \u0111\u00e3 nh\u1eadp \u0111\u00f3 nha!\ud83d\udcec<br><br>\ud83e\udef6Ch\u1edd ch\u00fat th\u00f4i nha \u2013 t\u1ee5i m\u00ecnh \u0111ang x\u1eed l\u00fd t\u1ed1c \u0111\u1ed9 t\u00ean l\u1eeda (lo\u1ea1i c\u00f3 delay nh\u1eb9 t\u00ed nh\u01b0ng kh\u00f4ng t\u1edbi n\u1ed7i nh\u01b0 \u0110\u00ec l\u00e2y E lai nh\u01b0 ai kia \u0111\u00e2u nh\u00e9 hihi) \ud83d\ude80\ud83d\ude05<\/h2>\t\t\t\t<\/div>\n\t\t\t\t<\/div>\n\t\t\t\t<\/div>\n\t\t\t\t\t<\/div>\n\t\t\t\t<\/div>\n\t\t<div class=\"elementor-element elementor-element-d65b427 e-flex e-con-boxed e-con e-parent\" data-id=\"d65b427\" data-element_type=\"container\" data-settings=\"{&quot;_ha_eqh_enable&quot;:false}\">\n\t\t\t\t\t<div class=\"e-con-inner\">\n\t\t\t\t<div class=\"elementor-element elementor-element-f860c5c elementor-align-center elementor-widget elementor-widget-button\" data-id=\"f860c5c\" data-element_type=\"widget\" data-widget_type=\"button.default\">\n\t\t\t\t<div class=\"elementor-widget-container\">\n\t\t\t\t\t\t\t\t\t<div class=\"elementor-button-wrapper\">\n\t\t\t\t\t<a class=\"elementor-button elementor-button-link elementor-size-sm elementor-animation-sink\" href=\"https:\/\/itstheglobalduo.com\/vi\/\">\n\t\t\t\t\t\t<span class=\"elementor-button-content-wrapper\">\n\t\t\t\t\t\t\t\t\t<span class=\"elementor-button-text\">V\u1ec0 TRANG CH\u1ee6<\/span>\n\t\t\t\t\t<\/span>\n\t\t\t\t\t<\/a>\n\t\t\t\t<\/div>\n\t\t\t\t\t\t\t\t<\/div>\n\t\t\t\t<\/div>\n\t\t\t\t\t<\/div>\n\t\t\t\t<\/div>\n\t\t\t\t<\/div>","protected":false},"excerpt":{"rendered":"<p>XONG XU\u00d4I H\u1ebeT R\u1ed2I \u0110\u00d3 NHAAAA! \ud83d\udcaf\u2705 \u270c\ufe0fG\u1ea7n l\u00ean tr\u00ecnh \u201cnh\u1eabn gi\u1ea3 ng\u00f4n ng\u1eef\u201d \ud83e\udd77 r\u1ed3i \u0111\u00f3ooo, n\u00ean \u0111\u1eebng ng\u1ea1c nhi\u00ean n\u1ebfu t\u1ef1 nhi\u00ean th\u1ea5y m\u00ecnh n\u00f3i ti\u1ebfng Anh m\u01b0\u1ee3t nh\u01b0 b\u01a1 \ud83e\udd51 \ud83d\udc68\u200d\ud83c\udfebChi\u1ebfc T\u00e2y Valentin s\u1ebd \u0111\u00edch th\u00e2n ng\u1ed3i nh\u00e2m nhi c\u00e0 ph\u00ea v\u00e0 ch\u1ea5m b\u00e0i cho b\u1ea1n \u2013 k\u1ef9 nh\u01b0 soi bill \u0111i\u1ec7n [&hellip;]<\/p>","protected":false},"author":1,"featured_media":0,"parent":0,"menu_order":0,"comment_status":"closed","ping_status":"closed","template":"","meta":{"footnotes":""},"class_list":["post-1065","page","type-page","status-publish","hentry"],"_links":{"self":[{"href":"https:\/\/itstheglobalduo.com\/vi\/wp-json\/wp\/v2\/pages\/1065","targetHints":{"allow":["GET"]}}],"collection":[{"href":"https:\/\/itstheglobalduo.com\/vi\/wp-json\/wp\/v2\/pages"}],"about":[{"href":"https:\/\/itstheglobalduo.com\/vi\/wp-json\/wp\/v2\/types\/page"}],"author":[{"embeddable":true,"href":"https:\/\/itstheglobalduo.com\/vi\/wp-json\/wp\/v2\/users\/1"}],"replies":[{"embeddable":true,"href":"https:\/\/itstheglobalduo.com\/vi\/wp-json\/wp\/v2\/comments?post=1065"}],"version-history":[{"count":10,"href":"https:\/\/itstheglobalduo.com\/vi\/wp-json\/wp\/v2\/pages\/1065\/revisions"}],"predecessor-version":[{"id":1921,"href":"https:\/\/itstheglobalduo.com\/vi\/wp-json\/wp\/v2\/pages\/1065\/revisions\/1921"}],"wp:attachment":[{"href":"https:\/\/itstheglobalduo.com\/vi\/wp-json\/wp\/v2\/media?parent=1065"}],"curies":[{"name":"wp","href":"https:\/\/api.w.org\/{rel}","templated":true}]}}